{"id":531,"date":"2023-09-20T10:39:07","date_gmt":"2023-09-20T08:39:07","guid":{"rendered":"https:\/\/wp23.musicaincumuen.ch\/ustaria-tschlin\/"},"modified":"2024-10-13T13:56:26","modified_gmt":"2024-10-13T11:56:26","slug":"ustaria-tschlin","status":"publish","type":"page","link":"https:\/\/musicaincumuen.ch\/rm\/ustaria-tschlin\/","title":{"rendered":"Ustaria Tschlin"},"content":{"rendered":"","protected":false},"excerpt":{"rendered":"","protected":false},"author":2,"featured_media":0,"parent":0,"menu_order":0,"comment_status":"closed","ping_status":"closed","template":"","meta":{"inline_featured_image":false,"footnotes":""},"class_list":["post-531","page","type-page","status-publish","hentry"],"acf":{"slides":[{"ID":1065,"id":1065,"title":"2024_06_05__MG_8740-V3-hero-web","filename":"2024_06_05__MG_8740-V3-hero-web.jpg","filesize":499420,"url":"https:\/\/musicaincumuen.ch\/wp-content\/uploads\/2024\/06\/2024_06_05__MG_8740-V3-hero-web.jpg","link":"https:\/\/musicaincumuen.ch\/rm\/ustaria-tschlin\/2024_06_05__mg_8740-v3-hero-web-2\/","alt":"","author":"2","description":"","caption":"","name":"2024_06_05__mg_8740-v3-hero-web-2","status":"inherit","uploaded_to":531,"date":"2024-06-15 14:19:56","modified":"2024-06-15 14:20:22","menu_order":0,"mime_type":"image\/jpeg","type":"image","subtype":"jpeg","icon":"https:\/\/musicaincumuen.ch\/wp-includes\/images\/media\/default.png","width":2000,"height":839,"sizes":{"thumbnail":"https:\/\/musicaincumuen.ch\/wp-content\/uploads\/2024\/06\/2024_06_05__MG_8740-V3-hero-web-150x150.jpg","thumbnail-width":150,"thumbnail-height":150,"medium":"https:\/\/musicaincumuen.ch\/wp-content\/uploads\/2024\/06\/2024_06_05__MG_8740-V3-hero-web-300x126.jpg","medium-width":300,"medium-height":126,"medium_large":"https:\/\/musicaincumuen.ch\/wp-content\/uploads\/2024\/06\/2024_06_05__MG_8740-V3-hero-web-768x322.jpg","medium_large-width":768,"medium_large-height":322,"large":"https:\/\/musicaincumuen.ch\/wp-content\/uploads\/2024\/06\/2024_06_05__MG_8740-V3-hero-web-1024x430.jpg","large-width":1024,"large-height":430,"1536x1536":"https:\/\/musicaincumuen.ch\/wp-content\/uploads\/2024\/06\/2024_06_05__MG_8740-V3-hero-web-1536x644.jpg","1536x1536-width":1536,"1536x1536-height":644,"2048x2048":"https:\/\/musicaincumuen.ch\/wp-content\/uploads\/2024\/06\/2024_06_05__MG_8740-V3-hero-web.jpg","2048x2048-width":2000,"2048x2048-height":839,"hero-size":"https:\/\/musicaincumuen.ch\/wp-content\/uploads\/2024\/06\/2024_06_05__MG_8740-V3-hero-web-1400x587.jpg","hero-size-width":1400,"hero-size-height":587,"einzelbild-size":"https:\/\/musicaincumuen.ch\/wp-content\/uploads\/2024\/06\/2024_06_05__MG_8740-V3-hero-web-1200x503.jpg","einzelbild-size-width":1200,"einzelbild-size-height":503,"slider-thumb":"https:\/\/musicaincumuen.ch\/wp-content\/uploads\/2024\/06\/2024_06_05__MG_8740-V3-hero-web-348x256.jpg","slider-thumb-width":348,"slider-thumb-height":256,"slider-size":"https:\/\/musicaincumuen.ch\/wp-content\/uploads\/2024\/06\/2024_06_05__MG_8740-V3-hero-web-1200x503.jpg","slider-size-width":1200,"slider-size-height":503,"carousel-size":"https:\/\/musicaincumuen.ch\/wp-content\/uploads\/2024\/06\/2024_06_05__MG_8740-V3-hero-web-1430x600.jpg","carousel-size-width":1430,"carousel-size-height":600,"prod-img-l":"https:\/\/musicaincumuen.ch\/wp-content\/uploads\/2024\/06\/2024_06_05__MG_8740-V3-hero-web-360x360.jpg","prod-img-l-width":360,"prod-img-l-height":360,"betriebe-thumb":"https:\/\/musicaincumuen.ch\/wp-content\/uploads\/2024\/06\/2024_06_05__MG_8740-V3-hero-web-440x440.jpg","betriebe-thumb-width":440,"betriebe-thumb-height":440,"gesch-related":"https:\/\/musicaincumuen.ch\/wp-content\/uploads\/2024\/06\/2024_06_05__MG_8740-V3-hero-web-688x389.jpg","gesch-related-width":688,"gesch-related-height":389,"veranst-thumb":"https:\/\/musicaincumuen.ch\/wp-content\/uploads\/2024\/06\/2024_06_05__MG_8740-V3-hero-web-356x238.jpg","veranst-thumb-width":356,"veranst-thumb-height":238}}],"modules":[{"acf_fc_layout":"inhaltsmodul","inhalt":"<h1>Ustaria Tschlin<\/h1>\n<p><strong>La realisaziun d\u2019\u00fcn nouv l\u00f6 d\u2019inscunter cul nom \u00abUstaria Tschlin\u00bb es \u00fcn dals pl\u00fc importants intents da nossa societ\u00e0.<\/strong><\/p>\n<p>I dess nascher \u00fcn nouv l\u00f6 per ir a baiver \u00fcn caf\u00e8 o \u00fcna biera, per giodair bun damangiar o simplamaing per star da cumpagnia. Tuots dessan esser bainvis: indigens, societats, giasts da vacanzas, turists, giasts da la <a href=\"https:\/\/www.chasa-tschlin.ch\/\" target=\"_blank\" rel=\"noopener\">Chasa Tschlin<\/a> e nat\u00fcralmaing eir tuot ils partecipants da nossas occurenzas.<\/p>\n"},{"acf_fc_layout":"teaser_dreispaltig","teaser-3-dachzeile":"","teaser-3-l":"<p><img loading=\"lazy\" decoding=\"async\" class=\"alignnone wp-image-469 size-full\" src=\"https:\/\/musicaincumuen.ch\/wp-content\/uploads\/2023\/10\/2022_Che-chaschoel_foto_WENDT_25.jpg\" alt=\"\" width=\"1500\" height=\"1500\" srcset=\"https:\/\/musicaincumuen.ch\/wp-content\/uploads\/2023\/10\/2022_Che-chaschoel_foto_WENDT_25.jpg 1500w, https:\/\/musicaincumuen.ch\/wp-content\/uploads\/2023\/10\/2022_Che-chaschoel_foto_WENDT_25-300x300.jpg 300w, https:\/\/musicaincumuen.ch\/wp-content\/uploads\/2023\/10\/2022_Che-chaschoel_foto_WENDT_25-1024x1024.jpg 1024w, https:\/\/musicaincumuen.ch\/wp-content\/uploads\/2023\/10\/2022_Che-chaschoel_foto_WENDT_25-150x150.jpg 150w, https:\/\/musicaincumuen.ch\/wp-content\/uploads\/2023\/10\/2022_Che-chaschoel_foto_WENDT_25-768x768.jpg 768w, https:\/\/musicaincumuen.ch\/wp-content\/uploads\/2023\/10\/2022_Che-chaschoel_foto_WENDT_25-1400x1400.jpg 1400w, https:\/\/musicaincumuen.ch\/wp-content\/uploads\/2023\/10\/2022_Che-chaschoel_foto_WENDT_25-1200x1200.jpg 1200w, https:\/\/musicaincumuen.ch\/wp-content\/uploads\/2023\/10\/2022_Che-chaschoel_foto_WENDT_25-600x600.jpg 600w, https:\/\/musicaincumuen.ch\/wp-content\/uploads\/2023\/10\/2022_Che-chaschoel_foto_WENDT_25-360x360.jpg 360w, https:\/\/musicaincumuen.ch\/wp-content\/uploads\/2023\/10\/2022_Che-chaschoel_foto_WENDT_25-440x440.jpg 440w\" sizes=\"auto, (max-width: 1500px) 100vw, 1500px\" \/><\/p>\n<h3><b>Prodots regiunals e specialitats<\/b><\/h3>\n<p>Culs prodots locals da <a href=\"https:\/\/buntschlin.ch\/\" target=\"_blank\" rel=\"noopener\">Bun Tschlin<\/a> dess l\u2019ustaria preschantar la tradiziun culinarica da la regiun e pussibiltar usch\u00e8 als giasts da giodar tipics trats indigens.<br \/>\nL\u2019ustaria es averta d\u00fcrant 5 dis l\u2019eivna (inclus la fin d\u2019eivna). \u00dcna pitschna carta da men\u00fc spordscha differentas boccadas d\u00fcrant l\u2019inter di.<\/p>\n","teaser-3-m":"<p><img loading=\"lazy\" decoding=\"async\" class=\"alignnone wp-image-462 size-full\" src=\"https:\/\/musicaincumuen.ch\/wp-content\/uploads\/2023\/10\/2021_buntschlin_macun_vaischlas_foto_wendt_13.jpg\" alt=\"\" width=\"1500\" height=\"1500\" srcset=\"https:\/\/musicaincumuen.ch\/wp-content\/uploads\/2023\/10\/2021_buntschlin_macun_vaischlas_foto_wendt_13.jpg 1500w, https:\/\/musicaincumuen.ch\/wp-content\/uploads\/2023\/10\/2021_buntschlin_macun_vaischlas_foto_wendt_13-300x300.jpg 300w, https:\/\/musicaincumuen.ch\/wp-content\/uploads\/2023\/10\/2021_buntschlin_macun_vaischlas_foto_wendt_13-1024x1024.jpg 1024w, https:\/\/musicaincumuen.ch\/wp-content\/uploads\/2023\/10\/2021_buntschlin_macun_vaischlas_foto_wendt_13-150x150.jpg 150w, https:\/\/musicaincumuen.ch\/wp-content\/uploads\/2023\/10\/2021_buntschlin_macun_vaischlas_foto_wendt_13-768x768.jpg 768w, https:\/\/musicaincumuen.ch\/wp-content\/uploads\/2023\/10\/2021_buntschlin_macun_vaischlas_foto_wendt_13-1400x1400.jpg 1400w, https:\/\/musicaincumuen.ch\/wp-content\/uploads\/2023\/10\/2021_buntschlin_macun_vaischlas_foto_wendt_13-1200x1200.jpg 1200w, https:\/\/musicaincumuen.ch\/wp-content\/uploads\/2023\/10\/2021_buntschlin_macun_vaischlas_foto_wendt_13-600x600.jpg 600w, https:\/\/musicaincumuen.ch\/wp-content\/uploads\/2023\/10\/2021_buntschlin_macun_vaischlas_foto_wendt_13-360x360.jpg 360w, https:\/\/musicaincumuen.ch\/wp-content\/uploads\/2023\/10\/2021_buntschlin_macun_vaischlas_foto_wendt_13-440x440.jpg 440w\" sizes=\"auto, (max-width: 1500px) 100vw, 1500px\" \/><\/p>\n<p><strong>Plazzas da lavur illa regiun<\/strong><\/p>\n<p>La gestiun da l\u2019ustaria chi spordscha plazzas da lavur ad indigens as dess in princip sviluppar ad \u00fcn affar autonom. Manar \u00fcna simla ustaria in m\u00f6d economic nun es per\u00f2 usch\u00e8 simpel, impust\u00fct na d\u00fcrant la pr\u00fcma fasa. Perquai g\u00fcda nossa societ\u00e0 a metter in p\u00e8 il manaschi in tuot ils m\u00f6ds pussibels, impust\u00fct eir in m\u00f6d finanzial.<\/p>\n","teaser-3-r":"<p><b><img loading=\"lazy\" decoding=\"async\" class=\"alignnone wp-image-472 size-full\" src=\"https:\/\/musicaincumuen.ch\/wp-content\/uploads\/2023\/10\/68X7700.jpg\" alt=\"\" width=\"1467\" height=\"1467\" srcset=\"https:\/\/musicaincumuen.ch\/wp-content\/uploads\/2023\/10\/68X7700.jpg 1467w, https:\/\/musicaincumuen.ch\/wp-content\/uploads\/2023\/10\/68X7700-300x300.jpg 300w, https:\/\/musicaincumuen.ch\/wp-content\/uploads\/2023\/10\/68X7700-1024x1024.jpg 1024w, https:\/\/musicaincumuen.ch\/wp-content\/uploads\/2023\/10\/68X7700-150x150.jpg 150w, https:\/\/musicaincumuen.ch\/wp-content\/uploads\/2023\/10\/68X7700-768x768.jpg 768w, https:\/\/musicaincumuen.ch\/wp-content\/uploads\/2023\/10\/68X7700-1400x1400.jpg 1400w, https:\/\/musicaincumuen.ch\/wp-content\/uploads\/2023\/10\/68X7700-1200x1200.jpg 1200w, https:\/\/musicaincumuen.ch\/wp-content\/uploads\/2023\/10\/68X7700-600x600.jpg 600w, https:\/\/musicaincumuen.ch\/wp-content\/uploads\/2023\/10\/68X7700-360x360.jpg 360w, https:\/\/musicaincumuen.ch\/wp-content\/uploads\/2023\/10\/68X7700-440x440.jpg 440w\" sizes=\"auto, (max-width: 1467px) 100vw, 1467px\" \/><\/b><\/p>\n<h3><b>\u00dcn\u2019ustaria ill\u2019anteriura chasa da scoula<\/b><\/h3>\n<p>L\u2019ustaria vain realisada ill\u2019anteriura chasa da scoula a Tschlin. Il Cum\u00fcn da Valsot fabricha our dal plan terrain da la chasa da scoula \u00fcn restorant chi vain dat a fit al mainagestiun da l\u2019ustaria.<\/p>\n","folgeinhalt-3":""},{"acf_fc_layout":"inhaltsmodul","inhalt":"<h2><b>Pass da planisaziun per l\u2019avert\u00fcra<\/b><\/h2>\n<ul>\n<li>A la radunanza cum\u00fcnala dals 13 december 2023 es la fabrica per la realisaziun d\u2019\u00fcna ustaria s\u00fcl plan terrain da l\u2019anteriura chasa da scoula da Tschlin gn\u00fcda approvada unanimamaing. In favrer 2024 cumainzan las lavurs da construcziun.<\/li>\n<li>Cun Sergio Moreira da Ramosch, \u00fcn cuschinunz fich motiv\u00e0, cumpetent e simpatic ha nossa societ\u00e0 chatt\u00e0 \u00fcn stupend mainagestiun per l\u2019Ustaria Tschlin.<\/li>\n<li>Pel mumaint es nossa societ\u00e0 vi da la lavur finala dal concept da gestiun sco eir vi da l\u2019acquisiziun d\u2019apparats necessaris per l\u2019ustaria. Ils contrats tanter la societ\u00e0, il cum\u00fcn e la societ\u00e0 da gestiun da l\u2019ustaria sun gn\u00fcts conclus la fin d\u2019avrigl.<\/li>\n<li>L\u2019Ustaria riva sias portas <strong>ils 30 da g\u00fcn 2024!<\/strong><\/li>\n<\/ul>\n"}]},"_links":{"self":[{"href":"https:\/\/musicaincumuen.ch\/rm\/wp-json\/wp\/v2\/pages\/531","targetHints":{"allow":["GET"]}}],"collection":[{"href":"https:\/\/musicaincumuen.ch\/rm\/wp-json\/wp\/v2\/pages"}],"about":[{"href":"https:\/\/musicaincumuen.ch\/rm\/wp-json\/wp\/v2\/types\/page"}],"author":[{"embeddable":true,"href":"https:\/\/musicaincumuen.ch\/rm\/wp-json\/wp\/v2\/users\/2"}],"replies":[{"embeddable":true,"href":"https:\/\/musicaincumuen.ch\/rm\/wp-json\/wp\/v2\/comments?post=531"}],"version-history":[{"count":17,"href":"https:\/\/musicaincumuen.ch\/rm\/wp-json\/wp\/v2\/pages\/531\/revisions"}],"predecessor-version":[{"id":1195,"href":"https:\/\/musicaincumuen.ch\/rm\/wp-json\/wp\/v2\/pages\/531\/revisions\/1195"}],"wp:attachment":[{"href":"https:\/\/musicaincumuen.ch\/rm\/wp-json\/?parent=531"}],"curies":[{"name":"wp","href":"https:\/\/api.w.org\/{rel}","templated":true}]}}