{"id":529,"date":"2023-09-20T10:45:45","date_gmt":"2023-09-20T08:45:45","guid":{"rendered":"https:\/\/wp23.musicaincumuen.ch\/ueber-uns\/"},"modified":"2026-03-31T18:21:49","modified_gmt":"2026-03-31T16:21:49","slug":"chi-eschna","status":"publish","type":"page","link":"https:\/\/musicaincumuen.ch\/rm\/chi-eschna\/","title":{"rendered":"Chi eschna?"},"content":{"rendered":"","protected":false},"excerpt":{"rendered":"","protected":false},"author":2,"featured_media":0,"parent":0,"menu_order":0,"comment_status":"closed","ping_status":"closed","template":"","meta":{"inline_featured_image":false,"footnotes":""},"class_list":["post-529","page","type-page","status-publish","hentry"],"acf":{"slides":[{"ID":501,"id":501,"title":"_MG_9190-1","filename":"MG_9190-1.jpg","filesize":595072,"url":"https:\/\/musicaincumuen.ch\/wp-content\/uploads\/2023\/10\/MG_9190-1.jpg","link":"https:\/\/musicaincumuen.ch\/rm\/_mg_9190-1-2\/","alt":"","author":"3","description":"","caption":"","name":"_mg_9190-1-2","status":"inherit","uploaded_to":0,"date":"2023-10-19 07:17:26","modified":"2023-10-19 07:18:43","menu_order":0,"mime_type":"image\/jpeg","type":"image","subtype":"jpeg","icon":"https:\/\/musicaincumuen.ch\/wp-includes\/images\/media\/default.png","width":2000,"height":900,"sizes":{"thumbnail":"https:\/\/musicaincumuen.ch\/wp-content\/uploads\/2023\/10\/MG_9190-1-150x150.jpg","thumbnail-width":150,"thumbnail-height":150,"medium":"https:\/\/musicaincumuen.ch\/wp-content\/uploads\/2023\/10\/MG_9190-1-300x135.jpg","medium-width":300,"medium-height":135,"medium_large":"https:\/\/musicaincumuen.ch\/wp-content\/uploads\/2023\/10\/MG_9190-1-768x346.jpg","medium_large-width":768,"medium_large-height":346,"large":"https:\/\/musicaincumuen.ch\/wp-content\/uploads\/2023\/10\/MG_9190-1-1024x461.jpg","large-width":1024,"large-height":461,"1536x1536":"https:\/\/musicaincumuen.ch\/wp-content\/uploads\/2023\/10\/MG_9190-1-1536x691.jpg","1536x1536-width":1536,"1536x1536-height":691,"2048x2048":"https:\/\/musicaincumuen.ch\/wp-content\/uploads\/2023\/10\/MG_9190-1.jpg","2048x2048-width":2000,"2048x2048-height":900,"hero-size":"https:\/\/musicaincumuen.ch\/wp-content\/uploads\/2023\/10\/MG_9190-1-1400x630.jpg","hero-size-width":1400,"hero-size-height":630,"einzelbild-size":"https:\/\/musicaincumuen.ch\/wp-content\/uploads\/2023\/10\/MG_9190-1-1200x540.jpg","einzelbild-size-width":1200,"einzelbild-size-height":540,"slider-thumb":"https:\/\/musicaincumuen.ch\/wp-content\/uploads\/2023\/10\/MG_9190-1-348x256.jpg","slider-thumb-width":348,"slider-thumb-height":256,"slider-size":"https:\/\/musicaincumuen.ch\/wp-content\/uploads\/2023\/10\/MG_9190-1-1200x540.jpg","slider-size-width":1200,"slider-size-height":540,"carousel-size":"https:\/\/musicaincumuen.ch\/wp-content\/uploads\/2023\/10\/MG_9190-1-1333x600.jpg","carousel-size-width":1333,"carousel-size-height":600,"prod-img-l":"https:\/\/musicaincumuen.ch\/wp-content\/uploads\/2023\/10\/MG_9190-1-360x360.jpg","prod-img-l-width":360,"prod-img-l-height":360,"betriebe-thumb":"https:\/\/musicaincumuen.ch\/wp-content\/uploads\/2023\/10\/MG_9190-1-440x440.jpg","betriebe-thumb-width":440,"betriebe-thumb-height":440,"gesch-related":"https:\/\/musicaincumuen.ch\/wp-content\/uploads\/2023\/10\/MG_9190-1-688x389.jpg","gesch-related-width":688,"gesch-related-height":389,"veranst-thumb":"https:\/\/musicaincumuen.ch\/wp-content\/uploads\/2023\/10\/MG_9190-1-356x238.jpg","veranst-thumb-width":356,"veranst-thumb-height":238}}],"modules":[{"acf_fc_layout":"inhaltsmodul","inhalt":"<h1>Chi eschna?<\/h1>\n<p>\u00abmusica in cum\u00fcn\u00bb es \u00fcna societ\u00e0 d\u2019\u00fctil public chi promouva ed organisescha occurenzas da cultura a Tschlin \/ Valsot ed in tuot la regiun. I\u2019l center sta la promoziun da la musicalit\u00e0 da Tschlin e da l\u2019intera regiun. Impl\u00fc laina ragiundscher cha la sala polivalenta, l\u2019anteriura chasa da scoula da Tschlin sco eir oters stabilimaints in cum\u00fcn gnian dovrats pl\u00fc suvent. I dessan gnir realisadas occurenzas culturalas chi pussibilteschan barats ed inscunters. A lunga vista less \u00abmusica in cum\u00fcn\u00bb promover e sustegner ulteriuras activitats regiunalas da different gener.<\/p>\n<p>Ils 20 december 2023 dombra nossa societ\u00e0 100 commembras e commembers.<\/p>\n<p>Quia chatattast ils stat\u00fcts da nossa societ\u00e0: <a href=\"https:\/\/musicaincumuen.ch\/wp-content\/uploads\/2023\/10\/20230726-Statuten_musica_in_cumuen.pdf\" target=\"_blank\" rel=\"noopener\">Statuten_musicaincumuen.pdf<\/a><\/p>\n"},{"acf_fc_layout":"teaser_zweispaltig","teaser-2-dachzeile":"Suprastanza","teaser-2-l":"<p><img loading=\"lazy\" decoding=\"async\" class=\"alignnone wp-image-1715 size-full\" src=\"https:\/\/musicaincumuen.ch\/wp-content\/uploads\/2026\/03\/IMG_4661-1548x2048b.jpg\" alt=\"\" width=\"1548\" height=\"2048\" srcset=\"https:\/\/musicaincumuen.ch\/wp-content\/uploads\/2026\/03\/IMG_4661-1548x2048b.jpg 1548w, https:\/\/musicaincumuen.ch\/wp-content\/uploads\/2026\/03\/IMG_4661-1548x2048b-227x300.jpg 227w, https:\/\/musicaincumuen.ch\/wp-content\/uploads\/2026\/03\/IMG_4661-1548x2048b-774x1024.jpg 774w, https:\/\/musicaincumuen.ch\/wp-content\/uploads\/2026\/03\/IMG_4661-1548x2048b-768x1016.jpg 768w, https:\/\/musicaincumuen.ch\/wp-content\/uploads\/2026\/03\/IMG_4661-1548x2048b-1161x1536.jpg 1161w, https:\/\/musicaincumuen.ch\/wp-content\/uploads\/2026\/03\/IMG_4661-1548x2048b-1400x1852.jpg 1400w, https:\/\/musicaincumuen.ch\/wp-content\/uploads\/2026\/03\/IMG_4661-1548x2048b-1200x1588.jpg 1200w, https:\/\/musicaincumuen.ch\/wp-content\/uploads\/2026\/03\/IMG_4661-1548x2048b-454x600.jpg 454w\" sizes=\"auto, (max-width: 1548px) 100vw, 1548px\" \/><\/p>\n","teaser-2-r":"<p>La suprastanza da la societ\u00e0 as cumpuona d\u2019indigens, ma eir da glieud d\u2019utro cun gronda simpatia e colliaziun cun nos cum\u00fcn. La suprastanza es partida in trais decasteris:<\/p>\n<p><strong>Administraziun generala (coordinaziun \/ finanzas \/ infrastructura):<\/strong> Peder Andri Arquint, (president, Tschlin), Armon Kirchen (Tschlin), Fadri Riatsch (Vn\u00e0), Jonas Misteli (Tschlin), Dumeng Janett (Tschlin)<\/p>\n<p><strong>Gastronomia \/ occurenzas \/ pernottaziuns:<\/strong> Sergio Moreira (Ramosch), Martina H\u00e4nzi (Scuol), Stefan Forster (Chur)<\/p>\n<p><strong>Musica (curatori \/ program \/ progets):<\/strong> Braida Janett (Tschlin\/Chur), Madlaina Janett (Z\u00fcrich\/Tschlin)<\/p>\n<p>&nbsp;<\/p>\n<p><strong>Contact:<\/strong><\/p>\n<p>Per dumondas o intimaziuns in general ans poust jent contactar via mail: <a href=\"mailto:info@musicaincumuen.ch\">info@musicaincumuen.ch<\/a><\/p>\n<p>Dumondas davart ils concerts ed occurenzas van a <a href=\"mailto:concerts@musicaincumuen.ch\">concerts@musicaincumuen.ch<\/a><\/p>\n<p>&nbsp;<\/p>\n","folgeinhalt-2":"<p><strong>Grazcha fich!<\/strong><\/p>\n<p>Die Konzerte und Veranstaltungen von \u00abmusica in cum\u00fcn\u00bb werden unterst\u00fctzt von: Beitragsfonds der Graub\u00fcndner Kantonalbank | Corporaziun Energia Engiadina | Kulturf\u00f6rderung Kanton Graub\u00fcnden\/SWISSLOS | Lienhard Stiftung | Luzi Willi Stiftung | Migros Kulturprozent | Ostschweizer Stiftung f\u00fcr Volksmusik | Stiftung Biblioteca EngiadinaIsa | Stiftung Casty-Buchmann Chur\/Masans | Stiftung Corymbo | Stiftung \u00abDr. Valentin Malamoud\u00bb | Valsot | Willi Muntwyler-Stiftung, St. Moritz<\/p>\n"}]},"_links":{"self":[{"href":"https:\/\/musicaincumuen.ch\/rm\/wp-json\/wp\/v2\/pages\/529","targetHints":{"allow":["GET"]}}],"collection":[{"href":"https:\/\/musicaincumuen.ch\/rm\/wp-json\/wp\/v2\/pages"}],"about":[{"href":"https:\/\/musicaincumuen.ch\/rm\/wp-json\/wp\/v2\/types\/page"}],"author":[{"embeddable":true,"href":"https:\/\/musicaincumuen.ch\/rm\/wp-json\/wp\/v2\/users\/2"}],"replies":[{"embeddable":true,"href":"https:\/\/musicaincumuen.ch\/rm\/wp-json\/wp\/v2\/comments?post=529"}],"version-history":[{"count":10,"href":"https:\/\/musicaincumuen.ch\/rm\/wp-json\/wp\/v2\/pages\/529\/revisions"}],"predecessor-version":[{"id":1717,"href":"https:\/\/musicaincumuen.ch\/rm\/wp-json\/wp\/v2\/pages\/529\/revisions\/1717"}],"wp:attachment":[{"href":"https:\/\/musicaincumuen.ch\/rm\/wp-json\/?parent=529"}],"curies":[{"name":"wp","href":"https:\/\/api.w.org\/{rel}","templated":true}]}}