{"id":524,"date":"2023-09-20T10:39:54","date_gmt":"2023-09-20T08:39:54","guid":{"rendered":"https:\/\/wp23.musicaincumuen.ch\/mitgliedschaft\/"},"modified":"2023-11-07T13:46:45","modified_gmt":"2023-11-07T12:46:45","slug":"commembranza","status":"publish","type":"page","link":"https:\/\/musicaincumuen.ch\/rm\/commembranza\/","title":{"rendered":"Commembranza"},"content":{"rendered":"","protected":false},"excerpt":{"rendered":"","protected":false},"author":2,"featured_media":0,"parent":0,"menu_order":0,"comment_status":"closed","ping_status":"closed","template":"","meta":{"inline_featured_image":false,"footnotes":""},"class_list":["post-524","page","type-page","status-publish","hentry"],"acf":{"slides":[{"ID":259,"id":259,"title":"_MG_1843","filename":"MG_1843.jpg","filesize":285103,"url":"https:\/\/musicaincumuen.ch\/wp-content\/uploads\/2023\/09\/MG_1843.jpg","link":"https:\/\/musicaincumuen.ch\/rm\/_mg_1843-2\/","alt":"","author":"3","description":"","caption":"","name":"_mg_1843-2","status":"inherit","uploaded_to":0,"date":"2023-09-27 13:36:00","modified":"2023-09-27 13:40:26","menu_order":0,"mime_type":"image\/jpeg","type":"image","subtype":"jpeg","icon":"https:\/\/musicaincumuen.ch\/wp-includes\/images\/media\/default.png","width":2000,"height":900,"sizes":{"thumbnail":"https:\/\/musicaincumuen.ch\/wp-content\/uploads\/2023\/09\/MG_1843-150x150.jpg","thumbnail-width":150,"thumbnail-height":150,"medium":"https:\/\/musicaincumuen.ch\/wp-content\/uploads\/2023\/09\/MG_1843-300x135.jpg","medium-width":300,"medium-height":135,"medium_large":"https:\/\/musicaincumuen.ch\/wp-content\/uploads\/2023\/09\/MG_1843-768x346.jpg","medium_large-width":768,"medium_large-height":346,"large":"https:\/\/musicaincumuen.ch\/wp-content\/uploads\/2023\/09\/MG_1843-1024x461.jpg","large-width":1024,"large-height":461,"1536x1536":"https:\/\/musicaincumuen.ch\/wp-content\/uploads\/2023\/09\/MG_1843-1536x691.jpg","1536x1536-width":1536,"1536x1536-height":691,"2048x2048":"https:\/\/musicaincumuen.ch\/wp-content\/uploads\/2023\/09\/MG_1843.jpg","2048x2048-width":2000,"2048x2048-height":900,"hero-size":"https:\/\/musicaincumuen.ch\/wp-content\/uploads\/2023\/09\/MG_1843-1400x630.jpg","hero-size-width":1400,"hero-size-height":630,"einzelbild-size":"https:\/\/musicaincumuen.ch\/wp-content\/uploads\/2023\/09\/MG_1843-1200x540.jpg","einzelbild-size-width":1200,"einzelbild-size-height":540,"slider-thumb":"https:\/\/musicaincumuen.ch\/wp-content\/uploads\/2023\/09\/MG_1843-348x256.jpg","slider-thumb-width":348,"slider-thumb-height":256,"slider-size":"https:\/\/musicaincumuen.ch\/wp-content\/uploads\/2023\/09\/MG_1843-1200x540.jpg","slider-size-width":1200,"slider-size-height":540,"carousel-size":"https:\/\/musicaincumuen.ch\/wp-content\/uploads\/2023\/09\/MG_1843-1333x600.jpg","carousel-size-width":1333,"carousel-size-height":600,"prod-img-l":"https:\/\/musicaincumuen.ch\/wp-content\/uploads\/2023\/09\/MG_1843-360x360.jpg","prod-img-l-width":360,"prod-img-l-height":360,"betriebe-thumb":"https:\/\/musicaincumuen.ch\/wp-content\/uploads\/2023\/09\/MG_1843-440x440.jpg","betriebe-thumb-width":440,"betriebe-thumb-height":440,"gesch-related":"https:\/\/musicaincumuen.ch\/wp-content\/uploads\/2023\/09\/MG_1843-688x389.jpg","gesch-related-width":688,"gesch-related-height":389,"veranst-thumb":"https:\/\/musicaincumuen.ch\/wp-content\/uploads\/2023\/09\/MG_1843-356x238.jpg","veranst-thumb-width":356,"veranst-thumb-height":238}}],"modules":[{"acf_fc_layout":"inhaltsmodul","inhalt":"<h1>Dvaint\u2019eir T\u00fc part da la societ\u00e0 \u00abmusica in cum\u00fcn\u00bb<\/h1>\n<p>La societ\u00e0 \u00abmusica in cum\u00fcn\u00bb es avisada a contribuziuns da commembranza ed a donaziuns. Teis sustegn es da grond\u2019importanza per cha la societ\u00e0 possa realisar seis intent \u2013 nempe da promouver la musica e la vita culturala da Valsot, tanter oter cun metter in p\u00e8 \u00fcn\u2019ustaria illa chasa da scoula Tschlin. Cun dvantar commembra\/commember da nossa societ\u00e0, survainst t\u00fc differentas reducziuns sco per exaimpel \u00fcn\u2019entrada cun predsch redot per nossas occurrenzas. Impl\u00fc at pussibiltescha \u00fcna commembranza il dret da vuschar a la radunanza da commembras e commembers da la societ\u00e0 \u00abmusica in cum\u00fcn\u00bb. Alternativamaing o sco supplemaint hast t\u00fc eir la pussibilt\u00e0 da far \u00fcna donaziun directa. \u00dcn grond grazcha fich per teis sustegn!<\/p>\n<p><a class=\"cta accent-color\" href=\"https:\/\/musicaincumuen.ch\/rm\/annunzchar\/\" rel=\"noopener\">dvantar commembra\/commember<\/a><\/p>\n<p>&nbsp;<\/p>\n<p>Donaziuns directas sun nat\u00fcralmaing eir ad\u00fcna fich bainvissas.<\/p>\n<p>Banca Raiffeisen<br \/>\nEngiadina Val Mu\u0308stair<br \/>\nSociet\u00e0 Tschlin musica in cumu\u0308n<br \/>\nSamalgors 75<br \/>\n7559 Tschlin<br \/>\nCH76 8080 8008 1013 8655 0<br \/>\nIID (BC-Nr.): 80808<br \/>\nSWIFT-BIC: RAIFCH22<\/p>\n<p>&nbsp;<\/p>\n<p>&nbsp;<\/p>\n"}]},"_links":{"self":[{"href":"https:\/\/musicaincumuen.ch\/rm\/wp-json\/wp\/v2\/pages\/524","targetHints":{"allow":["GET"]}}],"collection":[{"href":"https:\/\/musicaincumuen.ch\/rm\/wp-json\/wp\/v2\/pages"}],"about":[{"href":"https:\/\/musicaincumuen.ch\/rm\/wp-json\/wp\/v2\/types\/page"}],"author":[{"embeddable":true,"href":"https:\/\/musicaincumuen.ch\/rm\/wp-json\/wp\/v2\/users\/2"}],"replies":[{"embeddable":true,"href":"https:\/\/musicaincumuen.ch\/rm\/wp-json\/wp\/v2\/comments?post=524"}],"version-history":[{"count":9,"href":"https:\/\/musicaincumuen.ch\/rm\/wp-json\/wp\/v2\/pages\/524\/revisions"}],"predecessor-version":[{"id":610,"href":"https:\/\/musicaincumuen.ch\/rm\/wp-json\/wp\/v2\/pages\/524\/revisions\/610"}],"wp:attachment":[{"href":"https:\/\/musicaincumuen.ch\/rm\/wp-json\/?parent=524"}],"curies":[{"name":"wp","href":"https:\/\/api.w.org\/{rel}","templated":true}]}}