{"id":521,"date":"2023-09-18T21:28:31","date_gmt":"2023-09-18T19:28:31","guid":{"rendered":"https:\/\/wp23.musicaincumuen.ch\/datenschutzerklaerung\/"},"modified":"2023-11-03T13:31:24","modified_gmt":"2023-11-03T12:31:24","slug":"datenschutzerklaerung","status":"publish","type":"page","link":"https:\/\/musicaincumuen.ch\/rm\/datenschutzerklaerung\/","title":{"rendered":"Datenschutzerkl\u00e4rung"},"content":{"rendered":"\r\n<h2 class=\"wp-block-heading\">Wer wir sind<\/h2>\r\n\r\n\r\n\r\n<p><strong class=\"privacy-policy-tutorial\">Textvorschlag: <\/strong>Die Adresse unserer Website ist: https:\/\/musicaincumuen.ch.<\/p>\r\n\r\n\r\n\r\n<h2 class=\"wp-block-heading\">Kommentare<\/h2>\r\n\r\n\r\n\r\n<p><strong class=\"privacy-policy-tutorial\">Textvorschlag: <\/strong>Wenn Besucher Kommentare auf der Website schreiben, sammeln wir die Daten, die im Kommentar-Formular angezeigt werden, au\u00dferdem die IP-Adresse des Besuchers und den User-Agent-String (damit wird der Browser identifiziert), um die Erkennung von Spam zu unterst\u00fctzen.<\/p>\r\n\r\n\r\n\r\n<p>Aus deiner E-Mail-Adresse kann eine anonymisierte Zeichenfolge erstellt (auch Hash genannt) und dem Gravatar-Dienst \u00fcbergeben werden, um zu pr\u00fcfen, ob du diesen benutzt. Die Datenschutzerkl\u00e4rung des Gravatar-Dienstes findest du hier: https:\/\/automattic.com\/privacy\/. Nachdem dein Kommentar freigegeben wurde, ist dein Profilbild \u00f6ffentlich im Kontext deines Kommentars sichtbar.<\/p>\r\n\r\n\r\n\r\n<h2 class=\"wp-block-heading\">Medien<\/h2>\r\n\r\n\r\n\r\n<p><strong class=\"privacy-policy-tutorial\">Textvorschlag: <\/strong>Wenn du ein registrierter Benutzer bist und Fotos auf diese Website l\u00e4dst, solltest du vermeiden, Fotos mit einem EXIF-GPS-Standort hochzuladen. Besucher dieser Website k\u00f6nnten Fotos, die auf dieser Website gespeichert sind, herunterladen und deren Standort-Informationen extrahieren.<\/p>\r\n\r\n\r\n\r\n<h2 class=\"wp-block-heading\">Cookies<\/h2>\r\n\r\n\r\n\r\n<p><strong class=\"privacy-policy-tutorial\">Textvorschlag: <\/strong>Wenn du einen Kommentar auf unserer Website schreibst, kann das eine Einwilligung sein, deinen Namen, E-Mail-Adresse und Website in Cookies zu speichern. Dies ist eine Komfortfunktion, damit du nicht, wenn du einen weiteren Kommentar schreibst, all diese Daten erneut eingeben musst. Diese Cookies werden ein Jahr lang gespeichert.<\/p>\r\n\r\n\r\n\r\n<p>Falls du ein Konto hast und dich auf dieser Website anmeldest, werden wir ein tempor\u00e4res Cookie setzen, um festzustellen, ob dein Browser Cookies akzeptiert. Dieses Cookie enth\u00e4lt keine personenbezogenen Daten und wird verworfen, wenn du deinen Browser schlie\u00dft.<\/p>\r\n\r\n\r\n\r\n<p>Wenn du dich anmeldest, werden wir einige Cookies einrichten, um deine Anmeldeinformationen und Anzeigeoptionen zu speichern. Anmelde-Cookies verfallen nach zwei Tagen und Cookies f\u00fcr die Anzeigeoptionen nach einem Jahr. Falls du bei der Anmeldung \u201eAngemeldet bleiben\u201c ausw\u00e4hlst, wird deine Anmeldung zwei Wochen lang aufrechterhalten. Mit der Abmeldung aus deinem Konto werden die Anmelde-Cookies gel\u00f6scht.<\/p>\r\n\r\n\r\n\r\n<p>Wenn du einen Artikel bearbeitest oder ver\u00f6ffentlichst, wird ein zus\u00e4tzlicher Cookie in deinem Browser gespeichert. Dieser Cookie enth\u00e4lt keine personenbezogenen Daten und verweist nur auf die Beitrags-ID des Artikels, den du gerade bearbeitet hast. Der Cookie verf\u00e4llt nach einem Tag.<\/p>\r\n\r\n\r\n\r\n<h2 class=\"wp-block-heading\">Eingebettete Inhalte von anderen Websites<\/h2>\r\n\r\n\r\n\r\n<p><strong class=\"privacy-policy-tutorial\">Textvorschlag: <\/strong>Beitr\u00e4ge auf dieser Website k\u00f6nnen eingebettete Inhalte beinhalten (z.\u00a0B. Videos, Bilder, Beitr\u00e4ge etc.). Eingebettete Inhalte von anderen Websites verhalten sich exakt so, als ob der Besucher die andere Website besucht h\u00e4tte.<\/p>\r\n\r\n\r\n\r\n<p>Diese Websites k\u00f6nnen Daten \u00fcber dich sammeln, Cookies benutzen, zus\u00e4tzliche Tracking-Dienste von Dritten einbetten und deine Interaktion mit diesem eingebetteten Inhalt aufzeichnen, inklusive deiner Interaktion mit dem eingebetteten Inhalt, falls du ein Konto hast und auf dieser Website angemeldet bist.<\/p>\r\n\r\n\r\n\r\n<h2 class=\"wp-block-heading\">Mit wem wir deine Daten teilen<\/h2>\r\n\r\n\r\n\r\n<p><strong class=\"privacy-policy-tutorial\">Textvorschlag: <\/strong>Wenn du eine Zur\u00fccksetzung des Passworts beantragst, wird deine IP-Adresse in der E-Mail zur Zur\u00fccksetzung enthalten sein.<\/p>\r\n\r\n\r\n\r\n<h2 class=\"wp-block-heading\">Wie lange wir deine Daten speichern<\/h2>\r\n\r\n\r\n\r\n<p><strong class=\"privacy-policy-tutorial\">Textvorschlag: <\/strong>Wenn du einen Kommentar schreibst, wird dieser inklusive Metadaten zeitlich unbegrenzt gespeichert. Auf diese Art k\u00f6nnen wir Folgekommentare automatisch erkennen und freigeben, anstatt sie in einer Moderations-Warteschlange festzuhalten.<\/p>\r\n\r\n\r\n\r\n<p>F\u00fcr Benutzer, die sich auf unserer Website registrieren, speichern wir zus\u00e4tzlich die pers\u00f6nlichen Informationen, die sie in ihren Benutzerprofilen angeben. Alle Benutzer k\u00f6nnen jederzeit ihre pers\u00f6nlichen Informationen einsehen, ver\u00e4ndern oder l\u00f6schen (der Benutzername kann nicht ver\u00e4ndert werden). Administratoren der Website k\u00f6nnen diese Informationen ebenfalls einsehen und ver\u00e4ndern.<\/p>\r\n\r\n\r\n\r\n<h2 class=\"wp-block-heading\">Welche Rechte du an deinen Daten hast<\/h2>\r\n\r\n\r\n\r\n<p><strong class=\"privacy-policy-tutorial\">Textvorschlag: <\/strong>Wenn du ein Konto auf dieser Website besitzt oder Kommentare geschrieben hast, kannst du einen Export deiner personenbezogenen Daten bei uns anfordern, inklusive aller Daten, die du uns mitgeteilt hast. Dar\u00fcber hinaus kannst du die L\u00f6schung aller personenbezogenen Daten, die wir von dir gespeichert haben, anfordern. Dies umfasst nicht die Daten, die wir aufgrund administrativer, rechtlicher oder sicherheitsrelevanter Notwendigkeiten aufbewahren m\u00fcssen.<\/p>\r\n\r\n\r\n\r\n<h2 class=\"wp-block-heading\">Wohin deine Daten gesendet werden<\/h2>\r\n\r\n\r\n\r\n<p><strong class=\"privacy-policy-tutorial\">Textvorschlag: <\/strong>Besucher-Kommentare k\u00f6nnten von einem automatisierten Dienst zur Spam-Erkennung untersucht werden.<\/p>\r\n","protected":false},"excerpt":{"rendered":"<p>Wer wir sind Textvorschlag: Die Adresse unserer Website ist: https:\/\/musicaincumuen.ch. Kommentare Textvorschlag: Wenn Besucher Kommentare auf der Website schreiben, sammeln wir die Daten, die im Kommentar-Formular angezeigt werden, au\u00dferdem die IP-Adresse des Besuchers und den User-Agent-String (damit wird der Browser identifiziert), um die Erkennung von Spam zu unterst\u00fctzen. Aus deiner E-Mail-Adresse kann eine anonymisierte Zeichenfolge&#8230;<\/p>\n","protected":false},"author":1,"featured_media":0,"parent":0,"menu_order":0,"comment_status":"closed","ping_status":"open","template":"","meta":{"inline_featured_image":false,"footnotes":""},"class_list":["post-521","page","type-page","status-publish","hentry"],"acf":{"modules":[{"acf_fc_layout":"inhaltsmodul","inhalt":"<h1>Datenschutzerkl\u00e4rung<\/h1>\n<p>Wir nehmen den Schutz personenbezogener Daten und den transparenten Umgang damit sehr ernst. Nachfolgend erl\u00e4utern wir unsere Massnahmen, die sicher stellen, dass die gesetzlichen Vorschriften zum Datenschutz eingehalten werden. Wenn Sie Fragen oder Kommentare zu unseren rechtlichen Hinweisen oder zum Datenschutz haben, nehmen Sie bitte unter info@musicaincumuen.ch Kontakt mit uns auf. Mit der Nutzung unseres Internetangebots akzeptieren Sie unsere Datenschutzerkl\u00e4rung.<\/p>\n<p>Diese Datenschutzerkl\u00e4rung (Privacy Policy) gilt f\u00fcr das Internetangebot und den mit ihm verbundenen Webseiten, Funktionen und Inhalte von musica in cum\u00fcn. Sie garantiert den zweckgebundenen und rechtm\u00e4ssigen Umgang mit personenbezogenen Daten. F\u00fcr alles andere als die angegebenen und gesetzlich erlaubten Zwecke werden Ihre Daten nicht verwendet.<\/p>\n"},{"acf_fc_layout":"accordion","accordion_title":"","accordion-element":[{"accordion-trigger":"Rechtliche Hinweise","accordion-inhalt":"<p>Wir bem\u00fchen uns die Inhalte sorgf\u00e4ltig zu erstellen und regelm\u00e4ssig zu aktualisieren. Es wird jedoch keine Gew\u00e4hr f\u00fcr die Richtigkeit, Vollst\u00e4ndigkeit, Aktualit\u00e4t und Verf\u00fcgbarkeit der von uns bereitgestellten Informationen gegeben. Wir behalten uns vor, die Informationen auf dieser Seite jederzeit und ohne vorherige Ank\u00fcndigung zu \u00e4ndern oder zu aktualisieren.<\/p>\n"},{"accordion-trigger":"Erhebung, Speicherung und Verwendung von Daten","accordion-inhalt":"<p>Beim Besuch unserer Webseite werden grunds\u00e4tzlich keine personenbezogenen Daten verwendet. In Einzelf\u00e4llen ben\u00f6tigen wir jedoch Ihren Vornamen, Namen und Ihre Email-Adresse. Wenn derartige pers\u00f6nliche Informationen notwendig sind, werden wir Sie \u00fcber ein Kontaktformular darauf hinweisen. Personenbezogene Daten nutzen wir nur unter Einhaltung der einschl\u00e4gigen Datenschutzbestimmungen. Das heisst, wenn Sie sich entschliessen, uns pers\u00f6nliche Daten \u00fcber das Internet zu \u00fcberlassen, damit wir zum Beispiel mit Ihnen korrespondieren, Ihnen Informationen \u00fcbermitteln k\u00f6nnen oder Bestellungen ausf\u00fchren k\u00f6nnen. Ihre Angaben werden ausschliesslich f\u00fcr die Abwicklung der genannten Zwecke verwendet. Sobald die Nutzung f\u00fcr den genannten Zweck nicht mehr erforderlich ist, werden die personenbezogenen Daten gel\u00f6scht, sofern sie nicht f\u00fcr andere gesetzlich zugelassene Zwecke erforderlich sind.<\/p>\n"},{"accordion-trigger":"Rechte der Nutzer","accordion-inhalt":"<p>Nutzer haben das Recht, jederzeit Auskunft \u00fcber die von uns gespeicherten personenbezogenen Daten zu erhalten. Sie haben das Recht auf Korrektur von unrichtigen Daten und auf L\u00f6schung von personenbezogenen Daten. Nutzer k\u00f6nnen Einwilligungen f\u00fcr die Verwendung von personenbezogenen Daten jederzeit widerrufen.<\/p>\n"},{"accordion-trigger":"Sicherheitsmassnahmen","accordion-inhalt":"<p>Durch organisatorische, technische und vertragliche Sicherheitsmassnahmen stellen wir sicher, dass die Vorschriften der Datenschutzgesetze eingehalten werden. Dazu geh\u00f6rt insbesondere die Verschl\u00fcsselung der \u00dcbertragung und Speicherung von Daten (<span class=\"caps\">SSL<\/span>-Verschl\u00fcsselung).<\/p>\n"},{"accordion-trigger":"Cookies","accordion-inhalt":"<p>Cookies sind Datenelemente, die eine Webseite an Ihren Browser senden kann, um Sie bei datenbankgest\u00fctzten Systemen besser zu unterst\u00fctzen und eine m\u00f6glichst komfortable Nutzung unserer Webseite zu garantieren. Wenn Sie keine Cookies zulassen m\u00f6chten, k\u00f6nnen Sie diese in Ihrem Browser deaktivieren (mehr dazu siehe die Hilfe-Funktion Ihres Browsers). In diesem Fall ist es m\u00f6glich, dass einige Dienste nur eingeschr\u00e4nkt verwendet werden k\u00f6nnen.<\/p>\n"},{"accordion-trigger":"Protokollierung","accordion-inhalt":"<p>Bei der Nutzung unseres Internet-Angebots und beim Abruf von Dateien werden Informationen zu diesem Vorgang in einer anonymisierten Protokolldatei gespeichert. Je nach Zugriff kann dieser Protokolldatensatz folgende Inhalte enthalten: IP-Adresse, Namer der aufgerufenen Seite \/ <span class=\"caps\">URL<\/span>, Datum und Uhrzeit des Aufrufs, Betriebssystem, Browsertyp, Zugriffsstatus des Web-Servers. Dabei gibt es f\u00fcr uns keine M\u00f6glichkeit, diese Daten mit personenbezogenen Daten zu verkn\u00fcpfen. Die Daten werden ausschliesslich zur Analyse und Optimierung unserer Webseite genutzt und werden von autorisierten Mitarbeitern bearbeitet.<\/p>\n"},{"accordion-trigger":"Google Analytics","accordion-inhalt":"<p>Diese Website benutzt Google Analytics, einen Webanalysedienst der Google Inc. (\u00abGoogle\u00bb). Google ist unter dem Privacy Shield Abkommen zertifiziert und garaniert dadurch, das europ\u00e4ische Datenschutzrecht einzuhalten (<a href=\"https:\/\/www.privacyshield.gov\/participant?id=a2zt000000001L5AAI&amp;status=Active\">https:\/\/www.privacyshield.gov\/participant?id=a2zt000000001L5AAI&amp;status=Active<\/a>). Google Analytics verwendet sog. \u00abCookies\u00bb, Textdateien, die auf Ihrem Computer gespeichert werden und die eine Analyse der Benutzung der Website durch Sie erm\u00f6glichen. Die durch den Cookie erzeugten Informationen \u00fcber Ihre Benutzung dieser Website werden in der Regel an einen Server von Google in den <span class=\"caps\">USA<\/span> \u00fcbertragen und dort gespeichert.<\/p>\n<p>Wir verwenden Google Analytics nur mit einer IP-Anonymisierung. Das heisst, Ihre IP-Adresse wird von Google innerhalb von Mitgliedstaaten der Europ\u00e4ischen Union oder in anderen Vertragsstaaten des Abkommens \u00fcber den Europ\u00e4ischen Wirtschaftsraum zuvor gek\u00fcrzt. Nur in Ausnahmef\u00e4llen wird die volle IP-Adresse an einen Server von Google in den <span class=\"caps\">USA<\/span> \u00fcbertragen und dort gek\u00fcrzt. Im Auftrag des Betreibers dieser Website wird Google diese Informationen benutzen, um Ihre Nutzung der Website auszuwerten, um Reports \u00fcber die Websiteaktivit\u00e4ten zusammenzustellen und um weitere mit der Websitenutzung und der Internetnutzung verbundene Dienstleistungen gegen\u00fcber dem Websitebetreiber zu erbringen.<\/p>\n<p>Die im Rahmen von Google Analytics von Ihrem Browser \u00fcbermittelte IP-Adresse wird nicht mit anderen Daten von Google zusammengef\u00fchrt. Sie k\u00f6nnen die Speicherung der Cookies durch eine entsprechende Einstellung Ihrer Browser-Software verhindern; wir weisen Sie jedoch darauf hin, dass Sie in diesem Fall gegebenenfalls nicht s\u00e4mtliche Funktionen dieser Website vollumf\u00e4nglich werden nutzen k\u00f6nnen. Sie k\u00f6nnen dar\u00fcber hinaus die Erfassung der durch das Cookie erzeugten und auf Ihre Nutzung der Website bezogenen Daten (inkl. Ihrer IP-Adresse) an Google sowie die Verarbeitung dieser Daten durch Google verhindern, indem sie das unter dem folgenden Link verf\u00fcgbare Browser-Plugin herunterladen und installieren: <a href=\"http:\/\/tools.google.com\/dlpage\/gaoptout?hl=de\">http:\/\/tools.google.com\/dlpage\/gaoptout?hl=de<\/a>.<\/p>\n"},{"accordion-trigger":"Newsletter","accordion-inhalt":"<p>Wir versenden Newsletter, E-Mails und weitere elektronische Benachrichtigungen mit werblichen Informationen (nachfolgend \u00abNewsletter\u00bb) nur mit der Einwilligung der Empf\u00e4nger oder einer gesetzlichen Erlaubnis. Sofern im Rahmen einer Anmeldung zum Newsletter dessen Inhalte konkret umschrieben werden, sind sie f\u00fcr die Einwilligung der Nutzer massgeblich.<\/p>\n<p>Die Anmeldung zu unserem Newsletter erfolgt in einem sog. Double-Opt-In-Verfahren. D.h. Sie erhalten nach der Anmeldung eine E-Mail, in der Sie um die Best\u00e4tigung Ihrer Anmeldung gebeten werden. Diese Best\u00e4tigung ist notwendig, damit sich niemand mit fremden E-Mailadressen anmelden kann.<\/p>\n<p>Die Anmeldungen zum Newsletter werden protokolliert, um den Anmeldeprozess entsprechend den rechtlichen Anforderungen nachweisen zu k\u00f6nnen. Hierzu geh\u00f6rt die Speicherung des Anmelde- und des Best\u00e4tigungszeitpunkts, als auch der IP-Adresse. Ebenso werden die \u00c4nderungen Ihrer bei MailChimp gespeicherten Daten protokolliert<\/p>\n"},{"accordion-trigger":"Einsatz des Versanddienstleisters \u00abMailChimp\u00bb","accordion-inhalt":"<p>Der Versand der Newsletter erfolgt mittels \u00abMailChimp\u00bb, einer Newsletterversandplattform des US-Anbieters Rocket Science Group, LLC, 675 Ponce De Leon Ave NE #5000, Atlanta, GA 30308, USA. Mailchimp ist unter dem Privacy Shield Abkommen zertifiziert und garaniert dadurch, das europ\u00e4ische Datenschutzrecht einzuhalten (<a href=\"https:\/\/www.privacyshield.gov\/participant?id=a2zt0000000TO6hAAG&amp;status=Active\" target=\"_blank\" rel=\"noopener\">https:\/\/www.privacyshield.gov\/participant?id=a2zt0000000TO6hAAG&amp;status=Active<\/a>).<\/p>\n<p>Die E-Mail-Adressen unserer Newsletterempf\u00e4nger, als auch deren weitere, im Rahmen dieser Hinweise beschriebenen Daten, werden auf den Servern von MailChimp in den USA gespeichert. MailChimp verwendet diese Informationen zum Versand und zur Auswertung der Newsletter in unserem Auftrag. Des Weiteren kann MailChimp nach eigenen Informationen diese Daten zur Optimierung oder Verbesserung der eigenen Services nutzen, z.B. zur technischen Optimierung des Versandes und der Darstellung der Newsletter oder f\u00fcr wirtschaftliche Zwecke, um zu bestimmen aus welchen L\u00e4ndern die Empf\u00e4nger kommen. MailChimp nutzt die Daten unserer Newsletterempf\u00e4nger jedoch nicht, um diese selbst anzuschreiben oder an Dritte weiterzugeben.<\/p>\n<p>Wir vertrauen auf die Zuverl\u00e4ssigkeit und die IT- sowie Datensicherheit von MailChimp. Des Weiteren haben wir mit MailChimp ein \u00ab<a href=\"http:\/\/mailchimp.com\/legal\/forms\/data-processing-agreement\/\" target=\"_blank\" rel=\"noopener\">Data-Processing-Agreement<\/a>\u00bb abgeschlossen. Dabei handelt es sich um einen Vertrag, in dem sich MailChimp dazu verpflichtet, die Daten unserer Nutzer zu sch\u00fctzen, entsprechend dessen Datenschutzbestimmungen in unserem Auftrag zu verarbeiten und insbesondere nicht an Dritte weiter zu geben. Die Datenschutzbestimmungen von MailChimp k\u00f6nnen Sie <a href=\"http:\/\/mailchimp.com\/legal\/privacy\/\" target=\"_blank\" rel=\"noopener\">hier einsehen<\/a>.<\/p>\n"},{"accordion-trigger":"Anmeldedaten","accordion-inhalt":"<p>Um sich f\u00fcr den Newsletter anzumelden, reicht es aus, wenn Sie Ihre Email-Adresse sowie Ihren Vor- und Nachnamen angeben. Diese Angaben dienen lediglich der Personalisierung des Newsletters. Die Anmeldung zum Newsletter wird protokolliert, um den Anmeldeprozess entsprechend den rechtlichen Anforderungen nachweisen zu k\u00f6nnen. Sie k\u00f6nnen den Empfang unseres Newsletters jederzeit k\u00fcndigen.<\/p>\n"},{"accordion-trigger":"Statistische Erhebung und Analysen","accordion-inhalt":"<p>Die Newsletter enthalten einen sog. \u201eweb-beacon\u201c, d.h. eine pixelgro\u00dfe Datei, die beim \u00d6ffnen des Newsletters von dem Server von MailChimp abgerufen wird. Im Rahmen dieses Abrufs werden zun\u00e4chst technische Informationen, wie Informationen zum Browser und Ihrem System, als auch Ihre IP-Adresse und Zeitpunkt des Abrufs erhoben. Diese Informationen werden zur technischen Verbesserung der Services anhand der technischen Daten oder der Zielgruppen und ihres Leseverhaltens anhand derer Abruforte (die mit Hilfe der IP-Adresse bestimmbar sind) oder der Zugriffszeiten genutzt.<\/p>\n<p>Zu den statistischen Erhebungen geh\u00f6rt ebenfalls die Feststellung, ob die Newsletter ge\u00f6ffnet werden, wann sie ge\u00f6ffnet werden und welche Links geklickt werden. Diese Informationen k\u00f6nnen aus technischen Gr\u00fcnden zwar den einzelnen Newsletterempf\u00e4ngern zugeordnet werden. Es ist jedoch weder unser Bestreben, noch das von MailChimp, einzelne Nutzer zu beobachten. Die Auswertungen dienen uns viel mehr dazu, die Lesegewohnheiten unserer Nutzer zu erkennen und unsere Inhalte auf sie anzupassen oder unterschiedliche Inhalte entsprechend den Interessen unserer Nutzer zu versenden.<\/p>\n<p>In diesem Zusammenhang wiesen wir darauf hin, dass auf den Webseiten von MailChimp Cookies eingesetzt und damit personenbezogene Daten durch MailChimp, deren Partnern und eingesetzten Dienstleistern (z.B. Google Analytics) verarbeitet werden. Auf diese Datenerhebung haben wir keinen Einfluss. Weitere Informationen k\u00f6nnen Sie der <a href=\"http:\/\/mailchimp.com\/legal\/privacy\/\" target=\"_blank\" rel=\"noopener\">Datenschutzerkl\u00e4rung<\/a> von MailChimp entnehmen. Wir weisen Sie zus\u00e4tzlich auf die Widerspruchsm\u00f6glichkeiten in die Datenerhebung zu Werbezwecken auf den Webseiten <a href=\"http:\/\/www.aboutads.info\/choices\/\" target=\"_blank\" rel=\"noopener\">http:\/\/www.aboutads.info\/choices\/<\/a> (f\u00fcr den Europ\u00e4ischen Raum) hin.<\/p>\n"},{"accordion-trigger":"Einbindung von Diensten und Inhalten von Drittanbietern","accordion-inhalt":"<p>Innerhalb unseres Onlineangebots setzen wir Inhalts- oder Serviceangebote von Drittanbietern ein, um deren Inhalte und Services (z. B. Videos) einzubinden. Dies setzt voraus, dass die jeweiligen Drittanbieter die IP-Adresse wahrnehmen, um die Inhalte darstellen zu k\u00f6nnen. Im Folgenden eine \u00dcbersicht von Drittanbietern inkl. ihrer Inhalte und Links zu deren Datenschutzerkl\u00e4rungen:<\/p>\n<ul>\n<li>\u00abGoogle Maps\u00bb (Strassenkarten) des Drittanbieters Google Inc., 1600 Amphitheatre Parkway, Mountain View, CA 94043, <span class=\"caps\">USA<\/span>. Datenschutzerkl\u00e4rung: <a href=\"https:\/\/www.google.com\/policies\/privacy\/\">https:\/\/www.google.com\/policies\/privacy\/<\/a>, Opt-Out: <a href=\"https:\/\/www.google.com\/settings\/ads\/\">https:\/\/www.google.com\/settings\/ads\/<\/a>.<\/li>\n<li>YouTube\u00bb (Videos) des Drittanbieters Google Inc., 1600 Amphitheatre Parkway, Mountain View, CA 94043, <span class=\"caps\">USA<\/span>. Datenschutzerkl\u00e4rung: <a href=\"https:\/\/www.google.com\/policies\/privacy\/\">https:\/\/www.google.com\/policies\/privacy\/<\/a>, Opt-Out: <a href=\"https:\/\/www.google.com\/settings\/ads\/\">https:\/\/www.google.com\/settings\/ads\/<\/a>.<\/li>\n<li>\u00abVimeo\u00bb (Videos) des Drittanbieters Vimeo, <span class=\"caps\">LLC<\/span>, 555 West 18th Street, New York, New York 10011, <span class=\"caps\">USA<\/span>. Datenschutzerkl\u00e4rung: <a href=\"https:\/\/vimeo.com\/privacy\/\">https:\/\/vimeo.com\/privacy\/<\/a>, Opt-Out: <a href=\"https:\/\/vimeo.com\/cookie_policy\/\">https:\/\/vimeo.com\/cookie_policy\/<\/a>.<\/li>\n<li>Einbindung von Funktionen des Dienstes Twitter. Twitter Inc., 1355 Market Street, Suite 900, San Francisco, CA 94103, USA. Durch das Benutzen von Twitter und der Funktion \u201cRe-Tweet\u201d werden die von Ihnen besuchten Webseiten mit Ihrem Twitter-Account verkn\u00fcpft und anderen Nutzern bekannt gegeben. Dabei werden auch Daten an Twitter \u00fcbertragen. Wir weisen darauf hin, dass wir als Anbieter der Seiten keine Kenntnis vom Inhalt der \u00fcbermittelten Daten sowie deren Nutzung durch Twitter erhalten. Datenschutzerkl\u00e4rung von Twitter unter <a href=\"http:\/\/twitter.com\/privacy\" target=\"_blank\" rel=\"noopener\">http:\/\/twitter.com\/privacy<\/a>. Ihre Datenschutzeinstellungen bei Twitter k\u00f6nnen Sie in den Konto-Einstellungen unter <a href=\"http:\/\/twitter.com\/account\/settings\" target=\"_blank\" rel=\"noopener\">http:\/\/twitter.com\/account\/settings<\/a> \u00e4ndern.<\/li>\n<li>Akismet Anti-Spam-Pr\u00fcfung des Drittanbieters Automattic Inc., 60 29th Street #343, San Francisco, CA 94110, USA. Mit Hilfe dieses Dienstes werden Kommentare\/Formulareingaben echter Menschen von Spam-Eingaben unterschieden. Dazu werden alle Kommentarangaben an einen Server in den USA verschickt, wo sie analysiert und f\u00fcr Vergleichszwecke vier Tage lang gespeichert werden. Ist ein Kommentar als Spam eingestuft worden, werden die Daten \u00fcber diese Zeit hinaus gespeichert. Zu diesen Angaben geh\u00f6ren der eingegebene Name, die Emailadresse, die IP-Adresse, der Kommentarinhalt, der Referrer, Angaben zum verwendeten Browser sowie dem Computersystem und die Zeit des Eintrags. Datenschutzerkl\u00e4rung: <a href=\"https:\/\/automattic.com\/privacy\" target=\"_blank\" rel=\"noopener\">https:\/\/automattic.com\/privacy<\/a>.<\/li>\n<\/ul>\n"},{"accordion-trigger":"Haftung f\u00fcr Links Dritter","accordion-inhalt":"<p>Unser Internetauftritt enth\u00e4lt Verweise (Hyperlinks) zu externen Internetseiten Dritter. Auf deren Inhalte haben wir keinen Einfluss und \u00fcbernehmen f\u00fcr diese keine Gew\u00e4hr.<\/p>\n"}]}]},"_links":{"self":[{"href":"https:\/\/musicaincumuen.ch\/rm\/wp-json\/wp\/v2\/pages\/521","targetHints":{"allow":["GET"]}}],"collection":[{"href":"https:\/\/musicaincumuen.ch\/rm\/wp-json\/wp\/v2\/pages"}],"about":[{"href":"https:\/\/musicaincumuen.ch\/rm\/wp-json\/wp\/v2\/types\/page"}],"author":[{"embeddable":true,"href":"https:\/\/musicaincumuen.ch\/rm\/wp-json\/wp\/v2\/users\/1"}],"replies":[{"embeddable":true,"href":"https:\/\/musicaincumuen.ch\/rm\/wp-json\/wp\/v2\/comments?post=521"}],"version-history":[{"count":1,"href":"https:\/\/musicaincumuen.ch\/rm\/wp-json\/wp\/v2\/pages\/521\/revisions"}],"predecessor-version":[{"id":522,"href":"https:\/\/musicaincumuen.ch\/rm\/wp-json\/wp\/v2\/pages\/521\/revisions\/522"}],"wp:attachment":[{"href":"https:\/\/musicaincumuen.ch\/rm\/wp-json\/?parent=521"}],"curies":[{"name":"wp","href":"https:\/\/api.w.org\/{rel}","templated":true}]}}