{"id":518,"date":"2023-09-20T11:39:40","date_gmt":"2023-09-20T09:39:40","guid":{"rendered":"https:\/\/wp23.musicaincumuen.ch\/impressum\/"},"modified":"2023-11-03T13:31:44","modified_gmt":"2023-11-03T12:31:44","slug":"impressum","status":"publish","type":"page","link":"https:\/\/musicaincumuen.ch\/rm\/impressum\/","title":{"rendered":"Impressum"},"content":{"rendered":"","protected":false},"excerpt":{"rendered":"","protected":false},"author":2,"featured_media":0,"parent":0,"menu_order":0,"comment_status":"closed","ping_status":"closed","template":"","meta":{"inline_featured_image":false,"footnotes":""},"class_list":["post-518","page","type-page","status-publish","hentry"],"acf":{"modules":[{"acf_fc_layout":"inhaltsmodul","inhalt":"<h1>Impressum<\/h1>\n<p><strong>Respusabilt\u00e0 pel cuntgn\u00fc<\/strong><\/p>\n<p>Societ\u00e0 musica in cum\u00fcn<br \/>\nCurtins 6<br \/>\n7559 Tschlin<br \/>\n<a href=\"mailto:info@musicaincumuen.ch\">info@musicaincumuen.ch<\/a><\/p>\n<p>Persuna da rapreschentanza:<br \/>\nJonas Misteli<\/p>\n<p><strong>Concept &amp; producziun<\/strong><\/p>\n<p>Concept: <a href=\"https:\/\/www.davidbuehler.ch\/\" target=\"_blank\" rel=\"noopener noreferrer\">David B\u00fchler<\/a><br \/>\nProgramaziun: <a href=\"http:\/\/ralfhoffmeister.de\/\" target=\"_blank\" rel=\"noopener noreferrer\">Ralf Hoffmeister<\/a><\/p>\n<p><strong>Haftungsausschluss<\/strong><\/p>\n<p>Musica in cum\u00fcn \u00fcbernimmt keinerlei Gew\u00e4hr hinsichtlich der inhaltlichen Richtigkeit, Genauigkeit, Aktualit\u00e4t, Zuverl\u00e4ssigkeit und Vollst\u00e4ndigkeit der Informationen.<\/p>\n<p>Haftungsanspr\u00fcche gegen musica in cum\u00fcn wegen Sch\u00e4den materieller oder immaterieller Art, welche aus dem Zugriff oder der Nutzung bzw. Nichtnutzung der ver\u00f6ffentlichten Informationen, durch Missbrauch der Verbindung oder durch technische St\u00f6rungen entstanden sind, werden ausgeschlossen.<\/p>\n<p>Alle Angebote sind unverbindlich. Musica in cum\u00fcn beh\u00e4lt es sich ausdr\u00fccklich vor, Teile der Seiten oder das gesamte Angebot ohne gesonderte Ank\u00fcndigung zu ver\u00e4ndern, zu erg\u00e4nzen, zu l\u00f6schen oder die Ver\u00f6ffentlichung zeitweise oder endg\u00fcltig einzustellen.<\/p>\n<p><strong>Haftung f\u00fcr Links<\/strong><\/p>\n<p>Verweise und Links auf Webseiten Dritter liegen ausserhalb des Verantwortungsbereichs von musica in cum\u00fcn. Es wird jegliche Verantwortung f\u00fcr solche Webseiten abgelehnt. Der Zugriff und die Nutzung solcher Webseiten erfolgen auf eigene Gefahr des Nutzers oder der Nutzerin.<\/p>\n<p><strong>Urheberrechte<\/strong><\/p>\n<p>Die Urheber- und alle anderen Rechte an Inhalten, Bildern, Fotos oder anderen Dateien auf der Website geh\u00f6ren ausschliesslich musica in cum\u00fcn oder den speziell genannten Rechtsinhabern. F\u00fcr die Reproduktion jeglicher Elemente ist die schriftliche Zustimmung der Urheberrechtstr\u00e4ger im Voraus einzuholen.<\/p>\n<p>Beachten Sie auch unsere <a href=\"https:\/\/musicaincumuen.ch\/rm\/datenschutzerklaerung\/\">Datenschutzerkl\u00e4rung<\/a>.<\/p>\n<p>\u00a9 2023 musica in cum\u00fcn<\/p>\n"}]},"_links":{"self":[{"href":"https:\/\/musicaincumuen.ch\/rm\/wp-json\/wp\/v2\/pages\/518","targetHints":{"allow":["GET"]}}],"collection":[{"href":"https:\/\/musicaincumuen.ch\/rm\/wp-json\/wp\/v2\/pages"}],"about":[{"href":"https:\/\/musicaincumuen.ch\/rm\/wp-json\/wp\/v2\/types\/page"}],"author":[{"embeddable":true,"href":"https:\/\/musicaincumuen.ch\/rm\/wp-json\/wp\/v2\/users\/2"}],"replies":[{"embeddable":true,"href":"https:\/\/musicaincumuen.ch\/rm\/wp-json\/wp\/v2\/comments?post=518"}],"version-history":[{"count":3,"href":"https:\/\/musicaincumuen.ch\/rm\/wp-json\/wp\/v2\/pages\/518\/revisions"}],"predecessor-version":[{"id":523,"href":"https:\/\/musicaincumuen.ch\/rm\/wp-json\/wp\/v2\/pages\/518\/revisions\/523"}],"wp:attachment":[{"href":"https:\/\/musicaincumuen.ch\/rm\/wp-json\/?parent=518"}],"curies":[{"name":"wp","href":"https:\/\/api.w.org\/{rel}","templated":true}]}}