{"id":516,"date":"2023-09-20T10:38:15","date_gmt":"2023-09-20T08:38:15","guid":{"rendered":"https:\/\/wp23.musicaincumuen.ch\/die-idee\/"},"modified":"2023-11-06T18:18:08","modified_gmt":"2023-11-06T17:18:08","slug":"idea","status":"publish","type":"page","link":"https:\/\/musicaincumuen.ch\/rm\/idea\/","title":{"rendered":"L\u2019idea"},"content":{"rendered":"","protected":false},"excerpt":{"rendered":"","protected":false},"author":2,"featured_media":0,"parent":0,"menu_order":0,"comment_status":"closed","ping_status":"closed","template":"","meta":{"inline_featured_image":false,"footnotes":""},"class_list":["post-516","page","type-page","status-publish","hentry"],"acf":{"slides":[{"ID":285,"id":285,"title":"FLB20160728_016","filename":"FLB20160728_016.jpg","filesize":990484,"url":"https:\/\/musicaincumuen.ch\/wp-content\/uploads\/2023\/09\/FLB20160728_016.jpg","link":"https:\/\/musicaincumuen.ch\/rm\/flb20160728_016-2\/","alt":"","author":"3","description":"","caption":"","name":"flb20160728_016-2","status":"inherit","uploaded_to":0,"date":"2023-09-27 13:36:57","modified":"2023-09-28 08:56:26","menu_order":0,"mime_type":"image\/jpeg","type":"image","subtype":"jpeg","icon":"https:\/\/musicaincumuen.ch\/wp-includes\/images\/media\/default.png","width":2000,"height":900,"sizes":{"thumbnail":"https:\/\/musicaincumuen.ch\/wp-content\/uploads\/2023\/09\/FLB20160728_016-150x150.jpg","thumbnail-width":150,"thumbnail-height":150,"medium":"https:\/\/musicaincumuen.ch\/wp-content\/uploads\/2023\/09\/FLB20160728_016-300x135.jpg","medium-width":300,"medium-height":135,"medium_large":"https:\/\/musicaincumuen.ch\/wp-content\/uploads\/2023\/09\/FLB20160728_016-768x346.jpg","medium_large-width":768,"medium_large-height":346,"large":"https:\/\/musicaincumuen.ch\/wp-content\/uploads\/2023\/09\/FLB20160728_016-1024x461.jpg","large-width":1024,"large-height":461,"1536x1536":"https:\/\/musicaincumuen.ch\/wp-content\/uploads\/2023\/09\/FLB20160728_016-1536x691.jpg","1536x1536-width":1536,"1536x1536-height":691,"2048x2048":"https:\/\/musicaincumuen.ch\/wp-content\/uploads\/2023\/09\/FLB20160728_016.jpg","2048x2048-width":2000,"2048x2048-height":900,"hero-size":"https:\/\/musicaincumuen.ch\/wp-content\/uploads\/2023\/09\/FLB20160728_016-1400x630.jpg","hero-size-width":1400,"hero-size-height":630,"einzelbild-size":"https:\/\/musicaincumuen.ch\/wp-content\/uploads\/2023\/09\/FLB20160728_016-1200x540.jpg","einzelbild-size-width":1200,"einzelbild-size-height":540,"slider-thumb":"https:\/\/musicaincumuen.ch\/wp-content\/uploads\/2023\/09\/FLB20160728_016-348x256.jpg","slider-thumb-width":348,"slider-thumb-height":256,"slider-size":"https:\/\/musicaincumuen.ch\/wp-content\/uploads\/2023\/09\/FLB20160728_016-1200x540.jpg","slider-size-width":1200,"slider-size-height":540,"carousel-size":"https:\/\/musicaincumuen.ch\/wp-content\/uploads\/2023\/09\/FLB20160728_016-1333x600.jpg","carousel-size-width":1333,"carousel-size-height":600,"prod-img-l":"https:\/\/musicaincumuen.ch\/wp-content\/uploads\/2023\/09\/FLB20160728_016-360x360.jpg","prod-img-l-width":360,"prod-img-l-height":360,"betriebe-thumb":"https:\/\/musicaincumuen.ch\/wp-content\/uploads\/2023\/09\/FLB20160728_016-440x440.jpg","betriebe-thumb-width":440,"betriebe-thumb-height":440,"gesch-related":"https:\/\/musicaincumuen.ch\/wp-content\/uploads\/2023\/09\/FLB20160728_016-688x389.jpg","gesch-related-width":688,"gesch-related-height":389,"veranst-thumb":"https:\/\/musicaincumuen.ch\/wp-content\/uploads\/2023\/09\/FLB20160728_016-356x238.jpg","veranst-thumb-width":356,"veranst-thumb-height":238}}],"modules":[{"acf_fc_layout":"inhaltsmodul","inhalt":"<h1>L\u2019idea<\/h1>\n<p><strong><b>Cun dar \u00fcn sguard inavo ill\u2019istorgia vain consciaint vaira svelt cha a Tschlin es la musica ad\u00fcna statta da grond\u2019importanza. Cun \u00abmusica in cum\u00fcn\u00bb dess Tschlin dvantar \u00fcn vair cum\u00fcn da musica.<\/b><\/strong><\/p>\n<p>Differentas activitats sco cuors da musica, concerts ed otras occurrenzas dessan rinforzar il program cultural existent e promouver usch\u00e8 \u00fcn turissem chi s\u2019orientescha a la cultura.<\/p>\n"},{"acf_fc_layout":"zwei_bilder","bild_links":{"ID":341,"id":341,"title":"211009-Tanzgeiger-Fra\u0308nzlis-Tschlin_003-1","filename":"211009-Tanzgeiger-Fraenzlis-Tschlin_003-1.jpg","filesize":492325,"url":"https:\/\/musicaincumuen.ch\/wp-content\/uploads\/2023\/09\/211009-Tanzgeiger-Fraenzlis-Tschlin_003-1.jpg","link":"https:\/\/musicaincumuen.ch\/rm\/idea\/211009-tanzgeiger-fraenzlis-tschlin_003-1-2\/","alt":"","author":"3","description":"","caption":"","name":"211009-tanzgeiger-fraenzlis-tschlin_003-1-2","status":"inherit","uploaded_to":516,"date":"2023-09-27 14:29:42","modified":"2023-09-27 14:29:42","menu_order":0,"mime_type":"image\/jpeg","type":"image","subtype":"jpeg","icon":"https:\/\/musicaincumuen.ch\/wp-includes\/images\/media\/default.png","width":1000,"height":1000,"sizes":{"thumbnail":"https:\/\/musicaincumuen.ch\/wp-content\/uploads\/2023\/09\/211009-Tanzgeiger-Fraenzlis-Tschlin_003-1-150x150.jpg","thumbnail-width":150,"thumbnail-height":150,"medium":"https:\/\/musicaincumuen.ch\/wp-content\/uploads\/2023\/09\/211009-Tanzgeiger-Fraenzlis-Tschlin_003-1-300x300.jpg","medium-width":300,"medium-height":300,"medium_large":"https:\/\/musicaincumuen.ch\/wp-content\/uploads\/2023\/09\/211009-Tanzgeiger-Fraenzlis-Tschlin_003-1-768x768.jpg","medium_large-width":768,"medium_large-height":768,"large":"https:\/\/musicaincumuen.ch\/wp-content\/uploads\/2023\/09\/211009-Tanzgeiger-Fraenzlis-Tschlin_003-1.jpg","large-width":1000,"large-height":1000,"1536x1536":"https:\/\/musicaincumuen.ch\/wp-content\/uploads\/2023\/09\/211009-Tanzgeiger-Fraenzlis-Tschlin_003-1.jpg","1536x1536-width":1000,"1536x1536-height":1000,"2048x2048":"https:\/\/musicaincumuen.ch\/wp-content\/uploads\/2023\/09\/211009-Tanzgeiger-Fraenzlis-Tschlin_003-1.jpg","2048x2048-width":1000,"2048x2048-height":1000,"hero-size":"https:\/\/musicaincumuen.ch\/wp-content\/uploads\/2023\/09\/211009-Tanzgeiger-Fraenzlis-Tschlin_003-1.jpg","hero-size-width":1000,"hero-size-height":1000,"einzelbild-size":"https:\/\/musicaincumuen.ch\/wp-content\/uploads\/2023\/09\/211009-Tanzgeiger-Fraenzlis-Tschlin_003-1.jpg","einzelbild-size-width":1000,"einzelbild-size-height":1000,"slider-thumb":"https:\/\/musicaincumuen.ch\/wp-content\/uploads\/2023\/09\/211009-Tanzgeiger-Fraenzlis-Tschlin_003-1-348x256.jpg","slider-thumb-width":348,"slider-thumb-height":256,"slider-size":"https:\/\/musicaincumuen.ch\/wp-content\/uploads\/2023\/09\/211009-Tanzgeiger-Fraenzlis-Tschlin_003-1.jpg","slider-size-width":1000,"slider-size-height":1000,"carousel-size":"https:\/\/musicaincumuen.ch\/wp-content\/uploads\/2023\/09\/211009-Tanzgeiger-Fraenzlis-Tschlin_003-1-600x600.jpg","carousel-size-width":600,"carousel-size-height":600,"prod-img-l":"https:\/\/musicaincumuen.ch\/wp-content\/uploads\/2023\/09\/211009-Tanzgeiger-Fraenzlis-Tschlin_003-1-360x360.jpg","prod-img-l-width":360,"prod-img-l-height":360,"betriebe-thumb":"https:\/\/musicaincumuen.ch\/wp-content\/uploads\/2023\/09\/211009-Tanzgeiger-Fraenzlis-Tschlin_003-1-440x440.jpg","betriebe-thumb-width":440,"betriebe-thumb-height":440,"gesch-related":"https:\/\/musicaincumuen.ch\/wp-content\/uploads\/2023\/09\/211009-Tanzgeiger-Fraenzlis-Tschlin_003-1-688x389.jpg","gesch-related-width":688,"gesch-related-height":389,"veranst-thumb":"https:\/\/musicaincumuen.ch\/wp-content\/uploads\/2023\/09\/211009-Tanzgeiger-Fraenzlis-Tschlin_003-1-356x238.jpg","veranst-thumb-width":356,"veranst-thumb-height":238}},"bild_rechts":{"ID":351,"id":351,"title":"FLB20160728_004-1","filename":"FLB20160728_004-1.jpg","filesize":645476,"url":"https:\/\/musicaincumuen.ch\/wp-content\/uploads\/2023\/09\/FLB20160728_004-1.jpg","link":"https:\/\/musicaincumuen.ch\/rm\/idea\/flb20160728_004-1-2\/","alt":"","author":"3","description":"","caption":"","name":"flb20160728_004-1-2","status":"inherit","uploaded_to":516,"date":"2023-09-27 14:29:55","modified":"2023-09-27 14:29:55","menu_order":0,"mime_type":"image\/jpeg","type":"image","subtype":"jpeg","icon":"https:\/\/musicaincumuen.ch\/wp-includes\/images\/media\/default.png","width":1000,"height":1000,"sizes":{"thumbnail":"https:\/\/musicaincumuen.ch\/wp-content\/uploads\/2023\/09\/FLB20160728_004-1-150x150.jpg","thumbnail-width":150,"thumbnail-height":150,"medium":"https:\/\/musicaincumuen.ch\/wp-content\/uploads\/2023\/09\/FLB20160728_004-1-300x300.jpg","medium-width":300,"medium-height":300,"medium_large":"https:\/\/musicaincumuen.ch\/wp-content\/uploads\/2023\/09\/FLB20160728_004-1-768x768.jpg","medium_large-width":768,"medium_large-height":768,"large":"https:\/\/musicaincumuen.ch\/wp-content\/uploads\/2023\/09\/FLB20160728_004-1.jpg","large-width":1000,"large-height":1000,"1536x1536":"https:\/\/musicaincumuen.ch\/wp-content\/uploads\/2023\/09\/FLB20160728_004-1.jpg","1536x1536-width":1000,"1536x1536-height":1000,"2048x2048":"https:\/\/musicaincumuen.ch\/wp-content\/uploads\/2023\/09\/FLB20160728_004-1.jpg","2048x2048-width":1000,"2048x2048-height":1000,"hero-size":"https:\/\/musicaincumuen.ch\/wp-content\/uploads\/2023\/09\/FLB20160728_004-1.jpg","hero-size-width":1000,"hero-size-height":1000,"einzelbild-size":"https:\/\/musicaincumuen.ch\/wp-content\/uploads\/2023\/09\/FLB20160728_004-1.jpg","einzelbild-size-width":1000,"einzelbild-size-height":1000,"slider-thumb":"https:\/\/musicaincumuen.ch\/wp-content\/uploads\/2023\/09\/FLB20160728_004-1-348x256.jpg","slider-thumb-width":348,"slider-thumb-height":256,"slider-size":"https:\/\/musicaincumuen.ch\/wp-content\/uploads\/2023\/09\/FLB20160728_004-1.jpg","slider-size-width":1000,"slider-size-height":1000,"carousel-size":"https:\/\/musicaincumuen.ch\/wp-content\/uploads\/2023\/09\/FLB20160728_004-1-600x600.jpg","carousel-size-width":600,"carousel-size-height":600,"prod-img-l":"https:\/\/musicaincumuen.ch\/wp-content\/uploads\/2023\/09\/FLB20160728_004-1-360x360.jpg","prod-img-l-width":360,"prod-img-l-height":360,"betriebe-thumb":"https:\/\/musicaincumuen.ch\/wp-content\/uploads\/2023\/09\/FLB20160728_004-1-440x440.jpg","betriebe-thumb-width":440,"betriebe-thumb-height":440,"gesch-related":"https:\/\/musicaincumuen.ch\/wp-content\/uploads\/2023\/09\/FLB20160728_004-1-688x389.jpg","gesch-related-width":688,"gesch-related-height":389,"veranst-thumb":"https:\/\/musicaincumuen.ch\/wp-content\/uploads\/2023\/09\/FLB20160728_004-1-356x238.jpg","veranst-thumb-width":356,"veranst-thumb-height":238}}},{"acf_fc_layout":"inhaltsmodul","inhalt":"<h3><b>Concerts<\/b><\/h3>\n<p>No lain metter in bal \u00fcna pitschna seria da concerts chi ha \u00fcna colliaziun culla tradiziun da musica da las Alps. Tschlin dess dvantar il l\u00f6 chi\u2019s va a tadlar musica alpina autentica ed innovativa. La lunga tradiziun da las societats da cum\u00fcn nu dess gnir concurrenzada, dimpers\u00e8 rinforzada. A la societ\u00e0 \u00abmusica in cum\u00fcn\u00bb staja ferm a cour da collavurar cullas societats existentas.<\/p>\n"},{"acf_fc_layout":"einzelbild","einzelbild-img":{"ID":267,"id":267,"title":"_MG_9190","filename":"MG_9190.jpg","filesize":708990,"url":"https:\/\/musicaincumuen.ch\/wp-content\/uploads\/2023\/09\/MG_9190.jpg","link":"https:\/\/musicaincumuen.ch\/rm\/idea\/_mg_9190-2\/","alt":"","author":"3","description":"","caption":"","name":"_mg_9190-2","status":"inherit","uploaded_to":516,"date":"2023-09-27 13:36:17","modified":"2023-09-27 13:42:37","menu_order":0,"mime_type":"image\/jpeg","type":"image","subtype":"jpeg","icon":"https:\/\/musicaincumuen.ch\/wp-includes\/images\/media\/default.png","width":2000,"height":900,"sizes":{"thumbnail":"https:\/\/musicaincumuen.ch\/wp-content\/uploads\/2023\/09\/MG_9190-150x150.jpg","thumbnail-width":150,"thumbnail-height":150,"medium":"https:\/\/musicaincumuen.ch\/wp-content\/uploads\/2023\/09\/MG_9190-300x135.jpg","medium-width":300,"medium-height":135,"medium_large":"https:\/\/musicaincumuen.ch\/wp-content\/uploads\/2023\/09\/MG_9190-768x346.jpg","medium_large-width":768,"medium_large-height":346,"large":"https:\/\/musicaincumuen.ch\/wp-content\/uploads\/2023\/09\/MG_9190-1024x461.jpg","large-width":1024,"large-height":461,"1536x1536":"https:\/\/musicaincumuen.ch\/wp-content\/uploads\/2023\/09\/MG_9190-1536x691.jpg","1536x1536-width":1536,"1536x1536-height":691,"2048x2048":"https:\/\/musicaincumuen.ch\/wp-content\/uploads\/2023\/09\/MG_9190.jpg","2048x2048-width":2000,"2048x2048-height":900,"hero-size":"https:\/\/musicaincumuen.ch\/wp-content\/uploads\/2023\/09\/MG_9190-1400x630.jpg","hero-size-width":1400,"hero-size-height":630,"einzelbild-size":"https:\/\/musicaincumuen.ch\/wp-content\/uploads\/2023\/09\/MG_9190-1200x540.jpg","einzelbild-size-width":1200,"einzelbild-size-height":540,"slider-thumb":"https:\/\/musicaincumuen.ch\/wp-content\/uploads\/2023\/09\/MG_9190-348x256.jpg","slider-thumb-width":348,"slider-thumb-height":256,"slider-size":"https:\/\/musicaincumuen.ch\/wp-content\/uploads\/2023\/09\/MG_9190-1200x540.jpg","slider-size-width":1200,"slider-size-height":540,"carousel-size":"https:\/\/musicaincumuen.ch\/wp-content\/uploads\/2023\/09\/MG_9190-1333x600.jpg","carousel-size-width":1333,"carousel-size-height":600,"prod-img-l":"https:\/\/musicaincumuen.ch\/wp-content\/uploads\/2023\/09\/MG_9190-360x360.jpg","prod-img-l-width":360,"prod-img-l-height":360,"betriebe-thumb":"https:\/\/musicaincumuen.ch\/wp-content\/uploads\/2023\/09\/MG_9190-440x440.jpg","betriebe-thumb-width":440,"betriebe-thumb-height":440,"gesch-related":"https:\/\/musicaincumuen.ch\/wp-content\/uploads\/2023\/09\/MG_9190-688x389.jpg","gesch-related-width":688,"gesch-related-height":389,"veranst-thumb":"https:\/\/musicaincumuen.ch\/wp-content\/uploads\/2023\/09\/MG_9190-356x238.jpg","veranst-thumb-width":356,"veranst-thumb-height":238}}},{"acf_fc_layout":"inhaltsmodul","inhalt":"<h3><strong>Ustaria Tschlin \u2013 \u00fcn l\u00f6 per star da cumpagnia e giodair<\/strong><\/h3>\n<p>Sch\u2019\u00fcn cum\u00fcn nun ha \u00fcn\u2019ustaria manca simplamaing alch, o na? Dal 2022 es gn\u00fcda serrada l\u2019ultima ustaria a Tschlin. Perquai less \u00abmusica in cum\u00fcn\u00bb realisar \u00fcn nouv l\u00f6 d\u2019inscunter, nempe l\u2019\u00abUstaria Tschlin\u00bb. I dess nascher \u00fcn nouv l\u00f6 per ir a baiver \u00fcn caf\u00e8 o \u00fcna biera, per giodair bun damangiar o simplamaing per star da cumpagnia. In colliaziun culla <a href=\"https:\/\/www.chasa-tschlin.ch\/\" target=\"_blank\" rel=\"noopener\">Chasa Tschlin<\/a> as dess fuormar \u00fcn l\u00f6 chi unischa cultura, cum\u00fcnanza e culinarica.<\/p>\n<p><a class=\"cta accent-color\" href=\"https:\/\/musicaincumuen.ch\/rm\/commembranza\/\">dvantar commembra\/commember<\/a><\/p>\n"}]},"_links":{"self":[{"href":"https:\/\/musicaincumuen.ch\/rm\/wp-json\/wp\/v2\/pages\/516","targetHints":{"allow":["GET"]}}],"collection":[{"href":"https:\/\/musicaincumuen.ch\/rm\/wp-json\/wp\/v2\/pages"}],"about":[{"href":"https:\/\/musicaincumuen.ch\/rm\/wp-json\/wp\/v2\/types\/page"}],"author":[{"embeddable":true,"href":"https:\/\/musicaincumuen.ch\/rm\/wp-json\/wp\/v2\/users\/2"}],"replies":[{"embeddable":true,"href":"https:\/\/musicaincumuen.ch\/rm\/wp-json\/wp\/v2\/comments?post=516"}],"version-history":[{"count":8,"href":"https:\/\/musicaincumuen.ch\/rm\/wp-json\/wp\/v2\/pages\/516\/revisions"}],"predecessor-version":[{"id":584,"href":"https:\/\/musicaincumuen.ch\/rm\/wp-json\/wp\/v2\/pages\/516\/revisions\/584"}],"wp:attachment":[{"href":"https:\/\/musicaincumuen.ch\/rm\/wp-json\/?parent=516"}],"curies":[{"name":"wp","href":"https:\/\/api.w.org\/{rel}","templated":true}]}}