{"id":513,"date":"2023-09-20T10:22:55","date_gmt":"2023-09-20T08:22:55","guid":{"rendered":"https:\/\/wp23.musicaincumuen.ch\/startseite\/"},"modified":"2023-11-06T18:21:18","modified_gmt":"2023-11-06T17:21:18","slug":"pagina-iniziala","status":"publish","type":"page","link":"https:\/\/musicaincumuen.ch\/rm\/","title":{"rendered":"Pagina iniziala"},"content":{"rendered":"","protected":false},"excerpt":{"rendered":"","protected":false},"author":2,"featured_media":0,"parent":0,"menu_order":0,"comment_status":"closed","ping_status":"closed","template":"page-home-neu.php","meta":{"inline_featured_image":false,"footnotes":""},"class_list":["post-513","page","type-page","status-publish","hentry"],"acf":{"slides":[{"ID":277,"id":277,"title":"211010-Tanzgeiger-Fra\u0308nzlis-Tschlin_061","filename":"211010-Tanzgeiger-Fraenzlis-Tschlin_061.jpg","filesize":627665,"url":"https:\/\/musicaincumuen.ch\/wp-content\/uploads\/2023\/09\/211010-Tanzgeiger-Fraenzlis-Tschlin_061.jpg","link":"https:\/\/musicaincumuen.ch\/rm\/veranstaltungen\/plazzin-da-chant-singstubete\/211010-tanzgeiger-fraenzlis-tschlin_061-2\/","alt":"","author":"3","description":"","caption":"","name":"211010-tanzgeiger-fraenzlis-tschlin_061-2","status":"inherit","uploaded_to":1348,"date":"2023-09-27 13:36:40","modified":"2025-05-13 16:29:28","menu_order":0,"mime_type":"image\/jpeg","type":"image","subtype":"jpeg","icon":"https:\/\/musicaincumuen.ch\/wp-includes\/images\/media\/default.png","width":2000,"height":900,"sizes":{"thumbnail":"https:\/\/musicaincumuen.ch\/wp-content\/uploads\/2023\/09\/211010-Tanzgeiger-Fraenzlis-Tschlin_061-150x150.jpg","thumbnail-width":150,"thumbnail-height":150,"medium":"https:\/\/musicaincumuen.ch\/wp-content\/uploads\/2023\/09\/211010-Tanzgeiger-Fraenzlis-Tschlin_061-300x135.jpg","medium-width":300,"medium-height":135,"medium_large":"https:\/\/musicaincumuen.ch\/wp-content\/uploads\/2023\/09\/211010-Tanzgeiger-Fraenzlis-Tschlin_061-768x346.jpg","medium_large-width":768,"medium_large-height":346,"large":"https:\/\/musicaincumuen.ch\/wp-content\/uploads\/2023\/09\/211010-Tanzgeiger-Fraenzlis-Tschlin_061-1024x461.jpg","large-width":1024,"large-height":461,"1536x1536":"https:\/\/musicaincumuen.ch\/wp-content\/uploads\/2023\/09\/211010-Tanzgeiger-Fraenzlis-Tschlin_061-1536x691.jpg","1536x1536-width":1536,"1536x1536-height":691,"2048x2048":"https:\/\/musicaincumuen.ch\/wp-content\/uploads\/2023\/09\/211010-Tanzgeiger-Fraenzlis-Tschlin_061.jpg","2048x2048-width":2000,"2048x2048-height":900,"hero-size":"https:\/\/musicaincumuen.ch\/wp-content\/uploads\/2023\/09\/211010-Tanzgeiger-Fraenzlis-Tschlin_061-1400x630.jpg","hero-size-width":1400,"hero-size-height":630,"einzelbild-size":"https:\/\/musicaincumuen.ch\/wp-content\/uploads\/2023\/09\/211010-Tanzgeiger-Fraenzlis-Tschlin_061-1200x540.jpg","einzelbild-size-width":1200,"einzelbild-size-height":540,"slider-thumb":"https:\/\/musicaincumuen.ch\/wp-content\/uploads\/2023\/09\/211010-Tanzgeiger-Fraenzlis-Tschlin_061-348x256.jpg","slider-thumb-width":348,"slider-thumb-height":256,"slider-size":"https:\/\/musicaincumuen.ch\/wp-content\/uploads\/2023\/09\/211010-Tanzgeiger-Fraenzlis-Tschlin_061-1200x540.jpg","slider-size-width":1200,"slider-size-height":540,"carousel-size":"https:\/\/musicaincumuen.ch\/wp-content\/uploads\/2023\/09\/211010-Tanzgeiger-Fraenzlis-Tschlin_061-1333x600.jpg","carousel-size-width":1333,"carousel-size-height":600,"prod-img-l":"https:\/\/musicaincumuen.ch\/wp-content\/uploads\/2023\/09\/211010-Tanzgeiger-Fraenzlis-Tschlin_061-360x360.jpg","prod-img-l-width":360,"prod-img-l-height":360,"betriebe-thumb":"https:\/\/musicaincumuen.ch\/wp-content\/uploads\/2023\/09\/211010-Tanzgeiger-Fraenzlis-Tschlin_061-440x440.jpg","betriebe-thumb-width":440,"betriebe-thumb-height":440,"gesch-related":"https:\/\/musicaincumuen.ch\/wp-content\/uploads\/2023\/09\/211010-Tanzgeiger-Fraenzlis-Tschlin_061-688x389.jpg","gesch-related-width":688,"gesch-related-height":389,"veranst-thumb":"https:\/\/musicaincumuen.ch\/wp-content\/uploads\/2023\/09\/211010-Tanzgeiger-Fraenzlis-Tschlin_061-356x238.jpg","veranst-thumb-width":356,"veranst-thumb-height":238}}],"modules_home":[{"acf_fc_layout":"inhaltsmodul","inhalt":"<p><span style=\"font-size: 1.3em !important;\"><strong>Bainvgn\u00fc pro \u00abmusica in cum\u00fcn\u00bb! L\u2019intent da nossa societ\u00e0 es da promouver cultura, cum\u00fcnanza e tradiziun. Differents concerts, cuors da musica ed otras activitats dessan cumplettar il program cultural existent. Talas occurrenzas pussibilteschan al cum\u00fcn da\u2019s sviluppar inavant. Impl\u00fc vain promov\u00fc \u00fcn turissem orient\u00e0 a la cultura.<\/strong><\/span><\/p>\n"},{"acf_fc_layout":"mod_home-teaser","home-teaser":[{"teaser-item":[{"anordnung":"img-l","farbe":"bg-lightbrown","teaser-img":{"ID":353,"id":353,"title":"FLB20160728_013","filename":"FLB20160728_013.jpg","filesize":486990,"url":"https:\/\/musicaincumuen.ch\/wp-content\/uploads\/2023\/09\/FLB20160728_013.jpg","link":"https:\/\/musicaincumuen.ch\/rm\/pagina-iniziala\/flb20160728_013-2\/","alt":"","author":"3","description":"","caption":"","name":"flb20160728_013-2","status":"inherit","uploaded_to":513,"date":"2023-09-27 14:29:57","modified":"2023-09-27 14:29:57","menu_order":0,"mime_type":"image\/jpeg","type":"image","subtype":"jpeg","icon":"https:\/\/musicaincumuen.ch\/wp-includes\/images\/media\/default.png","width":1000,"height":1000,"sizes":{"thumbnail":"https:\/\/musicaincumuen.ch\/wp-content\/uploads\/2023\/09\/FLB20160728_013-150x150.jpg","thumbnail-width":150,"thumbnail-height":150,"medium":"https:\/\/musicaincumuen.ch\/wp-content\/uploads\/2023\/09\/FLB20160728_013-300x300.jpg","medium-width":300,"medium-height":300,"medium_large":"https:\/\/musicaincumuen.ch\/wp-content\/uploads\/2023\/09\/FLB20160728_013-768x768.jpg","medium_large-width":768,"medium_large-height":768,"large":"https:\/\/musicaincumuen.ch\/wp-content\/uploads\/2023\/09\/FLB20160728_013.jpg","large-width":1000,"large-height":1000,"1536x1536":"https:\/\/musicaincumuen.ch\/wp-content\/uploads\/2023\/09\/FLB20160728_013.jpg","1536x1536-width":1000,"1536x1536-height":1000,"2048x2048":"https:\/\/musicaincumuen.ch\/wp-content\/uploads\/2023\/09\/FLB20160728_013.jpg","2048x2048-width":1000,"2048x2048-height":1000,"hero-size":"https:\/\/musicaincumuen.ch\/wp-content\/uploads\/2023\/09\/FLB20160728_013.jpg","hero-size-width":1000,"hero-size-height":1000,"einzelbild-size":"https:\/\/musicaincumuen.ch\/wp-content\/uploads\/2023\/09\/FLB20160728_013.jpg","einzelbild-size-width":1000,"einzelbild-size-height":1000,"slider-thumb":"https:\/\/musicaincumuen.ch\/wp-content\/uploads\/2023\/09\/FLB20160728_013-348x256.jpg","slider-thumb-width":348,"slider-thumb-height":256,"slider-size":"https:\/\/musicaincumuen.ch\/wp-content\/uploads\/2023\/09\/FLB20160728_013.jpg","slider-size-width":1000,"slider-size-height":1000,"carousel-size":"https:\/\/musicaincumuen.ch\/wp-content\/uploads\/2023\/09\/FLB20160728_013-600x600.jpg","carousel-size-width":600,"carousel-size-height":600,"prod-img-l":"https:\/\/musicaincumuen.ch\/wp-content\/uploads\/2023\/09\/FLB20160728_013-360x360.jpg","prod-img-l-width":360,"prod-img-l-height":360,"betriebe-thumb":"https:\/\/musicaincumuen.ch\/wp-content\/uploads\/2023\/09\/FLB20160728_013-440x440.jpg","betriebe-thumb-width":440,"betriebe-thumb-height":440,"gesch-related":"https:\/\/musicaincumuen.ch\/wp-content\/uploads\/2023\/09\/FLB20160728_013-688x389.jpg","gesch-related-width":688,"gesch-related-height":389,"veranst-thumb":"https:\/\/musicaincumuen.ch\/wp-content\/uploads\/2023\/09\/FLB20160728_013-356x238.jpg","veranst-thumb-width":356,"veranst-thumb-height":238}},"dachzeile":"musica in cum\u00fcn \u2013 l\u2019idea","textinhalt":"<p>Cun dar \u00fcn sguard inavo ill\u2019istorgia vain consciaint vaira svelt cha a Tschlin es la musica ad\u00fcna statta da grond\u2019importanza. Cun \u00abmusica in cum\u00fcn\u00bb dess Tschlin dvantar \u00fcn vair cum\u00fcn da musica.<\/p>\n<p><a class=\"cta accent-color\" href=\"https:\/\/musicaincumuen.ch\/rm\/idea\/\">ulteriuras infuormaziuns<\/a><\/p>\n"}]}]},{"acf_fc_layout":"mod_home-teaser","home-teaser":[{"teaser-item":[{"anordnung":"img-r","farbe":"bg-white","teaser-img":{"ID":337,"id":337,"title":"_MG_9136-1","filename":"MG_9136-1.jpg","filesize":475542,"url":"https:\/\/musicaincumuen.ch\/wp-content\/uploads\/2023\/09\/MG_9136-1.jpg","link":"https:\/\/musicaincumuen.ch\/rm\/pagina-iniziala\/_mg_9136-1-2\/","alt":"","author":"3","description":"","caption":"","name":"_mg_9136-1-2","status":"inherit","uploaded_to":513,"date":"2023-09-27 14:29:37","modified":"2023-09-27 14:29:37","menu_order":0,"mime_type":"image\/jpeg","type":"image","subtype":"jpeg","icon":"https:\/\/musicaincumuen.ch\/wp-includes\/images\/media\/default.png","width":1000,"height":1000,"sizes":{"thumbnail":"https:\/\/musicaincumuen.ch\/wp-content\/uploads\/2023\/09\/MG_9136-1-150x150.jpg","thumbnail-width":150,"thumbnail-height":150,"medium":"https:\/\/musicaincumuen.ch\/wp-content\/uploads\/2023\/09\/MG_9136-1-300x300.jpg","medium-width":300,"medium-height":300,"medium_large":"https:\/\/musicaincumuen.ch\/wp-content\/uploads\/2023\/09\/MG_9136-1-768x768.jpg","medium_large-width":768,"medium_large-height":768,"large":"https:\/\/musicaincumuen.ch\/wp-content\/uploads\/2023\/09\/MG_9136-1.jpg","large-width":1000,"large-height":1000,"1536x1536":"https:\/\/musicaincumuen.ch\/wp-content\/uploads\/2023\/09\/MG_9136-1.jpg","1536x1536-width":1000,"1536x1536-height":1000,"2048x2048":"https:\/\/musicaincumuen.ch\/wp-content\/uploads\/2023\/09\/MG_9136-1.jpg","2048x2048-width":1000,"2048x2048-height":1000,"hero-size":"https:\/\/musicaincumuen.ch\/wp-content\/uploads\/2023\/09\/MG_9136-1.jpg","hero-size-width":1000,"hero-size-height":1000,"einzelbild-size":"https:\/\/musicaincumuen.ch\/wp-content\/uploads\/2023\/09\/MG_9136-1.jpg","einzelbild-size-width":1000,"einzelbild-size-height":1000,"slider-thumb":"https:\/\/musicaincumuen.ch\/wp-content\/uploads\/2023\/09\/MG_9136-1-348x256.jpg","slider-thumb-width":348,"slider-thumb-height":256,"slider-size":"https:\/\/musicaincumuen.ch\/wp-content\/uploads\/2023\/09\/MG_9136-1.jpg","slider-size-width":1000,"slider-size-height":1000,"carousel-size":"https:\/\/musicaincumuen.ch\/wp-content\/uploads\/2023\/09\/MG_9136-1-600x600.jpg","carousel-size-width":600,"carousel-size-height":600,"prod-img-l":"https:\/\/musicaincumuen.ch\/wp-content\/uploads\/2023\/09\/MG_9136-1-360x360.jpg","prod-img-l-width":360,"prod-img-l-height":360,"betriebe-thumb":"https:\/\/musicaincumuen.ch\/wp-content\/uploads\/2023\/09\/MG_9136-1-440x440.jpg","betriebe-thumb-width":440,"betriebe-thumb-height":440,"gesch-related":"https:\/\/musicaincumuen.ch\/wp-content\/uploads\/2023\/09\/MG_9136-1-688x389.jpg","gesch-related-width":688,"gesch-related-height":389,"veranst-thumb":"https:\/\/musicaincumuen.ch\/wp-content\/uploads\/2023\/09\/MG_9136-1-356x238.jpg","veranst-thumb-width":356,"veranst-thumb-height":238}},"dachzeile":"Ustaria Tschlin","textinhalt":"<p>La realisaziun d\u2019\u00fcn nouv l\u00f6 d\u2019inscunter cul nom \u00abUSTARIA TSCHLIN\u00bb es \u00fcn dals pl\u00fc importants intents da nossa societ\u00e0.<\/p>\n<p><a class=\"cta accent-color\" href=\"https:\/\/musicaincumuen.ch\/rm\/ustaria-tschlin\/\">ulteriuras infuormaziuns<\/a><\/p>\n"}]}]},{"acf_fc_layout":"mod_home-teaser","home-teaser":[{"teaser-item":[{"anordnung":"img-l","farbe":"bg-lightbrown","teaser-img":{"ID":363,"id":363,"title":"chasa-tschlin","filename":"chasa-tschlin.jpg","filesize":184427,"url":"https:\/\/musicaincumuen.ch\/wp-content\/uploads\/2023\/09\/chasa-tschlin.jpg","link":"https:\/\/musicaincumuen.ch\/rm\/pagina-iniziala\/chasa-tschlin-2\/","alt":"","author":"3","description":"","caption":"","name":"chasa-tschlin-2","status":"inherit","uploaded_to":513,"date":"2023-09-27 14:37:14","modified":"2023-09-27 14:37:14","menu_order":0,"mime_type":"image\/jpeg","type":"image","subtype":"jpeg","icon":"https:\/\/musicaincumuen.ch\/wp-includes\/images\/media\/default.png","width":1000,"height":1000,"sizes":{"thumbnail":"https:\/\/musicaincumuen.ch\/wp-content\/uploads\/2023\/09\/chasa-tschlin-150x150.jpg","thumbnail-width":150,"thumbnail-height":150,"medium":"https:\/\/musicaincumuen.ch\/wp-content\/uploads\/2023\/09\/chasa-tschlin-300x300.jpg","medium-width":300,"medium-height":300,"medium_large":"https:\/\/musicaincumuen.ch\/wp-content\/uploads\/2023\/09\/chasa-tschlin-768x768.jpg","medium_large-width":768,"medium_large-height":768,"large":"https:\/\/musicaincumuen.ch\/wp-content\/uploads\/2023\/09\/chasa-tschlin.jpg","large-width":1000,"large-height":1000,"1536x1536":"https:\/\/musicaincumuen.ch\/wp-content\/uploads\/2023\/09\/chasa-tschlin.jpg","1536x1536-width":1000,"1536x1536-height":1000,"2048x2048":"https:\/\/musicaincumuen.ch\/wp-content\/uploads\/2023\/09\/chasa-tschlin.jpg","2048x2048-width":1000,"2048x2048-height":1000,"hero-size":"https:\/\/musicaincumuen.ch\/wp-content\/uploads\/2023\/09\/chasa-tschlin.jpg","hero-size-width":1000,"hero-size-height":1000,"einzelbild-size":"https:\/\/musicaincumuen.ch\/wp-content\/uploads\/2023\/09\/chasa-tschlin.jpg","einzelbild-size-width":1000,"einzelbild-size-height":1000,"slider-thumb":"https:\/\/musicaincumuen.ch\/wp-content\/uploads\/2023\/09\/chasa-tschlin-348x256.jpg","slider-thumb-width":348,"slider-thumb-height":256,"slider-size":"https:\/\/musicaincumuen.ch\/wp-content\/uploads\/2023\/09\/chasa-tschlin.jpg","slider-size-width":1000,"slider-size-height":1000,"carousel-size":"https:\/\/musicaincumuen.ch\/wp-content\/uploads\/2023\/09\/chasa-tschlin-600x600.jpg","carousel-size-width":600,"carousel-size-height":600,"prod-img-l":"https:\/\/musicaincumuen.ch\/wp-content\/uploads\/2023\/09\/chasa-tschlin-360x360.jpg","prod-img-l-width":360,"prod-img-l-height":360,"betriebe-thumb":"https:\/\/musicaincumuen.ch\/wp-content\/uploads\/2023\/09\/chasa-tschlin-440x440.jpg","betriebe-thumb-width":440,"betriebe-thumb-height":440,"gesch-related":"https:\/\/musicaincumuen.ch\/wp-content\/uploads\/2023\/09\/chasa-tschlin-688x389.jpg","gesch-related-width":688,"gesch-related-height":389,"veranst-thumb":"https:\/\/musicaincumuen.ch\/wp-content\/uploads\/2023\/09\/chasa-tschlin-356x238.jpg","veranst-thumb-width":356,"veranst-thumb-height":238}},"dachzeile":"Chasa Tschlin","textinhalt":"<p class=\"zfr3Q CDt4Ke \" dir=\"ltr\">Bainvgn\u00fc illa Chasa Tschlin! L\u2019anteriura chasa da scoula spordscha chombras da durmir per singuls e per gruppas. Las differentas localitats dal stabilimaint pussibilteschan impl\u00fc eir da realisar seminaris, perfecziunamaints, workshops o chomps da musica a Tschlin.<\/p>\n<p><a class=\"cta accent-color\" href=\"https:\/\/www.chasa-tschlin.ch\/\" target=\"_blank\" rel=\"noopener\">ulteriuras infuormaziuns<\/a><\/p>\n"}]}]},{"acf_fc_layout":"mod_home-teaser","home-teaser":[{"teaser-item":[{"anordnung":"img-r","farbe":"bg-white","teaser-img":{"ID":355,"id":355,"title":"IMG_4246-1","filename":"IMG_4246-1.jpg","filesize":283339,"url":"https:\/\/musicaincumuen.ch\/wp-content\/uploads\/2023\/09\/IMG_4246-1.jpg","link":"https:\/\/musicaincumuen.ch\/rm\/pagina-iniziala\/img_4246-1-2\/","alt":"","author":"3","description":"","caption":"","name":"img_4246-1-2","status":"inherit","uploaded_to":513,"date":"2023-09-27 14:30:00","modified":"2023-09-27 14:30:00","menu_order":0,"mime_type":"image\/jpeg","type":"image","subtype":"jpeg","icon":"https:\/\/musicaincumuen.ch\/wp-includes\/images\/media\/default.png","width":1000,"height":1000,"sizes":{"thumbnail":"https:\/\/musicaincumuen.ch\/wp-content\/uploads\/2023\/09\/IMG_4246-1-150x150.jpg","thumbnail-width":150,"thumbnail-height":150,"medium":"https:\/\/musicaincumuen.ch\/wp-content\/uploads\/2023\/09\/IMG_4246-1-300x300.jpg","medium-width":300,"medium-height":300,"medium_large":"https:\/\/musicaincumuen.ch\/wp-content\/uploads\/2023\/09\/IMG_4246-1-768x768.jpg","medium_large-width":768,"medium_large-height":768,"large":"https:\/\/musicaincumuen.ch\/wp-content\/uploads\/2023\/09\/IMG_4246-1.jpg","large-width":1000,"large-height":1000,"1536x1536":"https:\/\/musicaincumuen.ch\/wp-content\/uploads\/2023\/09\/IMG_4246-1.jpg","1536x1536-width":1000,"1536x1536-height":1000,"2048x2048":"https:\/\/musicaincumuen.ch\/wp-content\/uploads\/2023\/09\/IMG_4246-1.jpg","2048x2048-width":1000,"2048x2048-height":1000,"hero-size":"https:\/\/musicaincumuen.ch\/wp-content\/uploads\/2023\/09\/IMG_4246-1.jpg","hero-size-width":1000,"hero-size-height":1000,"einzelbild-size":"https:\/\/musicaincumuen.ch\/wp-content\/uploads\/2023\/09\/IMG_4246-1.jpg","einzelbild-size-width":1000,"einzelbild-size-height":1000,"slider-thumb":"https:\/\/musicaincumuen.ch\/wp-content\/uploads\/2023\/09\/IMG_4246-1-348x256.jpg","slider-thumb-width":348,"slider-thumb-height":256,"slider-size":"https:\/\/musicaincumuen.ch\/wp-content\/uploads\/2023\/09\/IMG_4246-1.jpg","slider-size-width":1000,"slider-size-height":1000,"carousel-size":"https:\/\/musicaincumuen.ch\/wp-content\/uploads\/2023\/09\/IMG_4246-1-600x600.jpg","carousel-size-width":600,"carousel-size-height":600,"prod-img-l":"https:\/\/musicaincumuen.ch\/wp-content\/uploads\/2023\/09\/IMG_4246-1-360x360.jpg","prod-img-l-width":360,"prod-img-l-height":360,"betriebe-thumb":"https:\/\/musicaincumuen.ch\/wp-content\/uploads\/2023\/09\/IMG_4246-1-440x440.jpg","betriebe-thumb-width":440,"betriebe-thumb-height":440,"gesch-related":"https:\/\/musicaincumuen.ch\/wp-content\/uploads\/2023\/09\/IMG_4246-1-688x389.jpg","gesch-related-width":688,"gesch-related-height":389,"veranst-thumb":"https:\/\/musicaincumuen.ch\/wp-content\/uploads\/2023\/09\/IMG_4246-1-356x238.jpg","veranst-thumb-width":356,"veranst-thumb-height":238}},"dachzeile":"Dvantar commembra\/commember!","textinhalt":"<p>Nossa societ\u00e0 es avisada a contribuziuns da commembranza ed a donaziuns. Tals sustegns sun da gronda valur ed ans pussibilteschan da realisar nos intents. No ingrazchain per vos sustegn!<\/p>\n<p><a class=\"cta accent-color\" href=\"https:\/\/musicaincumuen.ch\/rm\/commembranza\/\" rel=\"noopener\">dvantar commembra\/commember<\/a><\/p>\n"}]}]},{"acf_fc_layout":"mod_home-teaser","home-teaser":[{"teaser-item":[{"anordnung":"img-l","farbe":"bg-lightbrown","teaser-img":{"ID":323,"id":323,"title":"_MG_0149","filename":"MG_0149-1.jpg","filesize":325962,"url":"https:\/\/musicaincumuen.ch\/wp-content\/uploads\/2023\/09\/MG_0149-1.jpg","link":"https:\/\/musicaincumuen.ch\/rm\/pagina-iniziala\/_mg_0149-2-2\/","alt":"","author":"3","description":"","caption":"","name":"_mg_0149-2-2","status":"inherit","uploaded_to":513,"date":"2023-09-27 14:29:17","modified":"2023-09-27 14:29:17","menu_order":0,"mime_type":"image\/jpeg","type":"image","subtype":"jpeg","icon":"https:\/\/musicaincumuen.ch\/wp-includes\/images\/media\/default.png","width":1000,"height":1000,"sizes":{"thumbnail":"https:\/\/musicaincumuen.ch\/wp-content\/uploads\/2023\/09\/MG_0149-1-150x150.jpg","thumbnail-width":150,"thumbnail-height":150,"medium":"https:\/\/musicaincumuen.ch\/wp-content\/uploads\/2023\/09\/MG_0149-1-300x300.jpg","medium-width":300,"medium-height":300,"medium_large":"https:\/\/musicaincumuen.ch\/wp-content\/uploads\/2023\/09\/MG_0149-1-768x768.jpg","medium_large-width":768,"medium_large-height":768,"large":"https:\/\/musicaincumuen.ch\/wp-content\/uploads\/2023\/09\/MG_0149-1.jpg","large-width":1000,"large-height":1000,"1536x1536":"https:\/\/musicaincumuen.ch\/wp-content\/uploads\/2023\/09\/MG_0149-1.jpg","1536x1536-width":1000,"1536x1536-height":1000,"2048x2048":"https:\/\/musicaincumuen.ch\/wp-content\/uploads\/2023\/09\/MG_0149-1.jpg","2048x2048-width":1000,"2048x2048-height":1000,"hero-size":"https:\/\/musicaincumuen.ch\/wp-content\/uploads\/2023\/09\/MG_0149-1.jpg","hero-size-width":1000,"hero-size-height":1000,"einzelbild-size":"https:\/\/musicaincumuen.ch\/wp-content\/uploads\/2023\/09\/MG_0149-1.jpg","einzelbild-size-width":1000,"einzelbild-size-height":1000,"slider-thumb":"https:\/\/musicaincumuen.ch\/wp-content\/uploads\/2023\/09\/MG_0149-1-348x256.jpg","slider-thumb-width":348,"slider-thumb-height":256,"slider-size":"https:\/\/musicaincumuen.ch\/wp-content\/uploads\/2023\/09\/MG_0149-1.jpg","slider-size-width":1000,"slider-size-height":1000,"carousel-size":"https:\/\/musicaincumuen.ch\/wp-content\/uploads\/2023\/09\/MG_0149-1-600x600.jpg","carousel-size-width":600,"carousel-size-height":600,"prod-img-l":"https:\/\/musicaincumuen.ch\/wp-content\/uploads\/2023\/09\/MG_0149-1-360x360.jpg","prod-img-l-width":360,"prod-img-l-height":360,"betriebe-thumb":"https:\/\/musicaincumuen.ch\/wp-content\/uploads\/2023\/09\/MG_0149-1-440x440.jpg","betriebe-thumb-width":440,"betriebe-thumb-height":440,"gesch-related":"https:\/\/musicaincumuen.ch\/wp-content\/uploads\/2023\/09\/MG_0149-1-688x389.jpg","gesch-related-width":688,"gesch-related-height":389,"veranst-thumb":"https:\/\/musicaincumuen.ch\/wp-content\/uploads\/2023\/09\/MG_0149-1-356x238.jpg","veranst-thumb-width":356,"veranst-thumb-height":238}},"dachzeile":"Davart nus","textinhalt":"<p>\u00abMusica in cum\u00fcn\u00bb es \u00fcna societ\u00e0 d\u2019\u00fctil public, chi promouva ed organisescha occurrenzas da cultura a Tschlin, a Valsot ed in tuot la regiun.<\/p>\n<p><a class=\"cta accent-color\" href=\"https:\/\/musicaincumuen.ch\/rm\/davart-nus\/\" rel=\"noopener\">ulteriuras infuormaziuns<\/a><\/p>\n"}]}]}]},"_links":{"self":[{"href":"https:\/\/musicaincumuen.ch\/rm\/wp-json\/wp\/v2\/pages\/513","targetHints":{"allow":["GET"]}}],"collection":[{"href":"https:\/\/musicaincumuen.ch\/rm\/wp-json\/wp\/v2\/pages"}],"about":[{"href":"https:\/\/musicaincumuen.ch\/rm\/wp-json\/wp\/v2\/types\/page"}],"author":[{"embeddable":true,"href":"https:\/\/musicaincumuen.ch\/rm\/wp-json\/wp\/v2\/users\/2"}],"replies":[{"embeddable":true,"href":"https:\/\/musicaincumuen.ch\/rm\/wp-json\/wp\/v2\/comments?post=513"}],"version-history":[{"count":5,"href":"https:\/\/musicaincumuen.ch\/rm\/wp-json\/wp\/v2\/pages\/513\/revisions"}],"predecessor-version":[{"id":586,"href":"https:\/\/musicaincumuen.ch\/rm\/wp-json\/wp\/v2\/pages\/513\/revisions\/586"}],"wp:attachment":[{"href":"https:\/\/musicaincumuen.ch\/rm\/wp-json\/?parent=513"}],"curies":[{"name":"wp","href":"https:\/\/api.w.org\/{rel}","templated":true}]}}